{"id":996,"date":"2022-02-08T10:52:19","date_gmt":"2022-02-08T09:52:19","guid":{"rendered":"https:\/\/www.club-de-tir.fr\/?page_id=996"},"modified":"2023-02-02T15:43:53","modified_gmt":"2023-02-02T14:43:53","slug":"mentions-legales","status":"publish","type":"page","link":"https:\/\/www.club-de-tir.fr\/en\/legal-notice\/","title":{"rendered":"Legal notice"},"content":{"rendered":"\t\t<div data-elementor-type=\"wp-page\" data-elementor-id=\"996\" class=\"elementor elementor-996\" data-elementor-post-type=\"page\">\n\t\t\t\t\t\t<section class=\"elementor-section elementor-top-section elementor-element elementor-element-7dff9ca8 elementor-section-full_width elementor-section-height-default elementor-section-height-default\" data-id=\"7dff9ca8\" data-element_type=\"section\" data-e-type=\"section\" data-settings=\"{&quot;background_background&quot;:&quot;classic&quot;}\">\n\t\t\t\t\t\t\t<div class=\"elementor-background-overlay\"><\/div>\n\t\t\t\t\t\t\t<div class=\"elementor-container elementor-column-gap-default\">\n\t\t\t\t\t<div class=\"elementor-column elementor-col-100 elementor-top-column elementor-element elementor-element-7ca5da73\" data-id=\"7ca5da73\" data-element_type=\"column\" data-e-type=\"column\">\n\t\t\t<div class=\"elementor-widget-wrap elementor-element-populated\">\n\t\t\t\t\t\t<div class=\"elementor-element elementor-element-343cfb25 section_titre_basic elementor-widget elementor-widget-heading\" data-id=\"343cfb25\" data-element_type=\"widget\" data-e-type=\"widget\" data-widget_type=\"heading.default\">\n\t\t\t\t<div class=\"elementor-widget-container\">\n\t\t\t\t\t<h1 class=\"elementor-heading-title elementor-size-default\">MENTIONS LEGALES<\/h1>\t\t\t\t<\/div>\n\t\t\t\t<\/div>\n\t\t\t\t\t<\/div>\n\t\t<\/div>\n\t\t\t\t\t<\/div>\n\t\t<\/section>\n\t\t\t\t<section class=\"elementor-section elementor-top-section elementor-element elementor-element-937832c elementor-section-boxed elementor-section-height-default elementor-section-height-default\" data-id=\"937832c\" data-element_type=\"section\" data-e-type=\"section\" data-settings=\"{&quot;background_background&quot;:&quot;classic&quot;}\">\n\t\t\t\t\t\t<div class=\"elementor-container elementor-column-gap-default\">\n\t\t\t\t\t<div class=\"elementor-column elementor-col-100 elementor-top-column elementor-element elementor-element-acb6bab\" data-id=\"acb6bab\" data-element_type=\"column\" data-e-type=\"column\">\n\t\t\t<div class=\"elementor-widget-wrap elementor-element-populated\">\n\t\t\t\t\t\t<div class=\"elementor-element elementor-element-a85b683 elementor-widget elementor-widget-shortcode\" data-id=\"a85b683\" data-element_type=\"widget\" data-e-type=\"widget\" data-widget_type=\"shortcode.default\">\n\t\t\t\t<div class=\"elementor-widget-container\">\n\t\t\t\t\t\t\t<div class=\"elementor-shortcode\"><nav aria-label=\"breadcrumbs\">\n            <div class=\"breadcrumb-container theme1\">\n                <ol>\n                                    <\/ol>\n            <\/div>\n        <\/nav>    <script type=\"application\/ld+json\">\n        {\n            \"@context\": \"http:\/\/schema.org\",\n            \"@type\": \"BreadcrumbList\",\n            \"itemListElement\": [\n                            ]\n        }\n    <\/script>\n   \n    <script>\n            <\/script>\n<\/div>\n\t\t\t\t\t\t<\/div>\n\t\t\t\t<\/div>\n\t\t\t\t<div class=\"elementor-element elementor-element-d61eace elementor-widget elementor-widget-heading\" data-id=\"d61eace\" data-element_type=\"widget\" data-e-type=\"widget\" data-widget_type=\"heading.default\">\n\t\t\t\t<div class=\"elementor-widget-container\">\n\t\t\t\t\t<h3 class=\"elementor-heading-title elementor-size-default\">Confidentialit\u00e9s de vos donn\u00e9es personnelles\n<\/h3>\t\t\t\t<\/div>\n\t\t\t\t<\/div>\n\t\t\t\t<div class=\"elementor-element elementor-element-540bcd7 elementor-widget elementor-widget-text-editor\" data-id=\"540bcd7\" data-element_type=\"widget\" data-e-type=\"widget\" data-widget_type=\"text-editor.default\">\n\t\t\t\t<div class=\"elementor-widget-container\">\n\t\t\t\t\t\t\t\t\t<p style=\"text-align: center;\"><span style=\"color: #ffffff;\">SARL PROVENCE TIR s\u2019engage \u00e0 respecter la confidentialit\u00e9 des donn\u00e9es personnelles susceptibles d\u2019\u00eatre communiqu\u00e9es par l\u2019utilisateur sur le site\u00a0<a style=\"color: #ffffff;\" href=\"http:\/\/www.club-de-tir.fr\/\">http:\/\/www.club-de-tir.fr<\/a>\u00a0et \u00e0 les traiter dans le respect du r\u00e8glement UE 2016\/679 du parlement Europ\u00e9en et du Conseil du 27 avril 2016 relatif \u00e0 la protection des personnes physiques \u00e0 l\u2019\u00e9gard du traitement des donn\u00e9es \u00e0 caract\u00e8re personnel et \u00e0 la libre circulation de ces donn\u00e9es (RGPD).<\/span><\/p>\n<p style=\"text-align: center;\"><span style=\"color: #ffffff;\">Lors de vos visites sur notre site, nous pouvons vous demander des informations par le biais de notre formulaire de contact. Ces informations recueillies ont pour but d\u2019identifier le client, d\u2019enregistrer sa demande pour pouvoir faire un suivi commercial.<\/span><\/p>\n<p style=\"text-align: center;\"><span style=\"color: #ffffff;\">Elles sont exclusivement destin\u00e9es \u00e0 SARL PROVENCE TIR \u00e0 des fins de traitement, d\u2019analyses, de communications institutionnelles et, si vous en \u00eates d\u2019accord, de propositions commerciales.\u00a0<\/span><\/p>\n<p style=\"text-align: center;\"><span style=\"color: #ffffff;\">Conform\u00e9ment au RGPD, sur simple justification de votre identit\u00e9, vous b\u00e9n\u00e9ficiez d\u2019un droit d\u2019acc\u00e8s, de rectification, de portabilit\u00e9, d\u2019effacement ou une limitation du traitement. Pour cela, vous devez nous adresser un courrier \u00e0 l\u2019adresse suivante : Club Provence Tir, 27 Traverse Thibaut &#8211; 13100 Aix-en-Provence.\u00a0<\/span><\/p>\n<p style=\"text-align: center;\"><span style=\"color: #ffffff;\">La dur\u00e9e de conservation des donn\u00e9es est de 13 mois.<\/span><\/p>\n<p style=\"text-align: center;\"><span style=\"color: #ffffff;\">Lors de votre visite sur notre site, SARL PROVENCE TIR est susceptible d&rsquo;implanter un cookie dans votre ordinateur. Un cookie est un fichier texte stock\u00e9 par votre navigateur sur un espace d\u00e9di\u00e9 du disque dur de votre terminal (ordinateur, tablette, smartphone) \u00e0 l\u2019occasion de la consultation d\u2019un site internet. Il permet \u00e0 son \u00e9metteur d\u2019identifier le terminal dans lequel il est d\u00e9pos\u00e9, pendant sa dur\u00e9e de validit\u00e9 et de garder en m\u00e9moire certaines informations relatives \u00e0 votre parcours, notamment, afin de simplifier votre navigation sur les sites internet ou vous proposer des contenus adapt\u00e9s \u00e0 vos centres d\u2019int\u00e9r\u00eats.<\/span><\/p>\t\t\t\t\t\t\t\t<\/div>\n\t\t\t\t<\/div>\n\t\t\t\t<div class=\"elementor-element elementor-element-a360919 elementor-widget elementor-widget-heading\" data-id=\"a360919\" data-element_type=\"widget\" data-e-type=\"widget\" data-widget_type=\"heading.default\">\n\t\t\t\t<div class=\"elementor-widget-container\">\n\t\t\t\t\t<h3 class=\"elementor-heading-title elementor-size-default\">Mentions l\u00e9gales<\/h3>\t\t\t\t<\/div>\n\t\t\t\t<\/div>\n\t\t\t\t<div class=\"elementor-element elementor-element-a59ec22 elementor-widget elementor-widget-text-editor\" data-id=\"a59ec22\" data-element_type=\"widget\" data-e-type=\"widget\" data-widget_type=\"text-editor.default\">\n\t\t\t\t<div class=\"elementor-widget-container\">\n\t\t\t\t\t\t\t\t\t<p style=\"text-align: center;\"><span style=\"color: #ffffff;\">SARL Provence Tir, domicili\u00e9e au 27 Traverse Thibaut, 13100, Aix-en-Provence. Au capital de 100 000 euros. R.C.S 315 146\u00a0746. Direction G\u00e9n\u00e9rale de l&rsquo;Armement en date du 18 septembre 2014 ref : 083658\/DI\/SPEM\/SDGPC\/BRSI. Direction de l&rsquo;Administration G\u00e9n\u00e9rale en date du 29 aout 2012 ref : arr\u00eat\u00e9 rectificatif num\u00e9ro A13-013-0009 Pr\u00e9fecture des Bouches-du-Rh\u00f4ne.<\/span><\/p>\n<p style=\"text-align: center;\"><span style=\"color: #ffffff;\">Club Provence Tir, association loi 1901, 27 Traverse Thibaut &#8211; 13100 Aix-en-Provence, SIRET 35351454000015, AGREMENT FFT N\u00b01813012, INSCRIPTION PREFECTURE BOUCHES DU RHONE N\u00b0W131007629<\/span><\/p>\n<p style=\"text-align: center;\"><span style=\"color: #ffffff;\">Vous pouvez nous joindre au 04 42 27 45 25 ou par mail \u00e0 l\u2019adresse <a style=\"color: #ffffff;\" href=\"mailto:contact@provencetir.com\">contact@provencetir.com<\/a><\/span><\/p>\n<p style=\"text-align: center;\"><span style=\"color: #ffffff;\">Responsable de la publication\u00a0: G\u00e9rant Provence Tir.<\/span><\/p>\n<p style=\"text-align: center;\"><span style=\"color: #ffffff;\">Cr\u00e9ation graphique et d\u00e9veloppement : soci\u00e9t\u00e9 PYMAC<\/span><\/p>\n<p style=\"text-align: center;\"><span style=\"color: #ffffff;\">Le site est h\u00e9berg\u00e9 par la soci\u00e9t\u00e9 PYMAC, 11 rue louise colet, 13090 Aix-en-Provence (E-mail:\u00a0<a style=\"color: #ffffff;\" href=\"mailto:contact@pymac.fr\">contact@pymac.fr<\/a>\/ T\u00e9l: +33 4 42 52 72 72).<\/span><\/p>\t\t\t\t\t\t\t\t<\/div>\n\t\t\t\t<\/div>\n\t\t\t\t\t<\/div>\n\t\t<\/div>\n\t\t\t\t\t<\/div>\n\t\t<\/section>\n\t\t\t\t<\/div>\n\t\t","protected":false},"excerpt":{"rendered":"<p>MENTIONS LEGALES Confidentialit\u00e9s de vos donn\u00e9es personnelles SARL PROVENCE TIR s\u2019engage \u00e0 respecter la confidentialit\u00e9 des donn\u00e9es personnelles susceptibles d\u2019\u00eatre communiqu\u00e9es par l\u2019utilisateur sur le site\u00a0http:\/\/www.club-de-tir.fr\u00a0et \u00e0 les traiter dans le respect du r\u00e8glement UE 2016\/679 du parlement Europ\u00e9en et du Conseil du 27 avril 2016 relatif \u00e0 la protection des personnes physiques \u00e0 l\u2019\u00e9gard [&hellip;]<\/p>\n","protected":false},"author":1,"featured_media":0,"parent":0,"menu_order":0,"comment_status":"closed","ping_status":"closed","template":"","meta":{"_acf_changed":false,"_eb_attr":"","om_disable_all_campaigns":false,"_monsterinsights_skip_tracking":false,"_monsterinsights_sitenote_active":false,"_monsterinsights_sitenote_note":"","_monsterinsights_sitenote_category":0,"footnotes":""},"class_list":["post-996","page","type-page","status-publish","hentry"],"acf":[],"aioseo_notices":[],"_links":{"self":[{"href":"https:\/\/www.club-de-tir.fr\/en\/wp-json\/wp\/v2\/pages\/996","targetHints":{"allow":["GET"]}}],"collection":[{"href":"https:\/\/www.club-de-tir.fr\/en\/wp-json\/wp\/v2\/pages"}],"about":[{"href":"https:\/\/www.club-de-tir.fr\/en\/wp-json\/wp\/v2\/types\/page"}],"author":[{"embeddable":true,"href":"https:\/\/www.club-de-tir.fr\/en\/wp-json\/wp\/v2\/users\/1"}],"replies":[{"embeddable":true,"href":"https:\/\/www.club-de-tir.fr\/en\/wp-json\/wp\/v2\/comments?post=996"}],"version-history":[{"count":64,"href":"https:\/\/www.club-de-tir.fr\/en\/wp-json\/wp\/v2\/pages\/996\/revisions"}],"predecessor-version":[{"id":3750,"href":"https:\/\/www.club-de-tir.fr\/en\/wp-json\/wp\/v2\/pages\/996\/revisions\/3750"}],"wp:attachment":[{"href":"https:\/\/www.club-de-tir.fr\/en\/wp-json\/wp\/v2\/media?parent=996"}],"curies":[{"name":"wp","href":"https:\/\/api.w.org\/{rel}","templated":true}]}}