{"id":533,"date":"2021-05-16T18:37:42","date_gmt":"2021-05-16T16:37:42","guid":{"rendered":"https:\/\/www.club-de-tir.fr\/?page_id=533"},"modified":"2024-08-16T13:46:50","modified_gmt":"2024-08-16T11:46:50","slug":"club-provence-tir","status":"publish","type":"page","link":"https:\/\/www.club-de-tir.fr\/en\/club-provence-tir\/","title":{"rendered":"Provence Tir Club"},"content":{"rendered":"\t\t<div data-elementor-type=\"wp-page\" data-elementor-id=\"533\" class=\"elementor elementor-533\" data-elementor-post-type=\"page\">\n\t\t\t\t\t\t<section class=\"elementor-section elementor-top-section elementor-element elementor-element-ba12e8a elementor-section-full_width elementor-section-height-default elementor-section-height-default\" data-id=\"ba12e8a\" data-element_type=\"section\" data-e-type=\"section\" data-settings=\"{&quot;background_background&quot;:&quot;classic&quot;}\">\n\t\t\t\t\t\t<div class=\"elementor-container elementor-column-gap-default\">\n\t\t\t\t\t<div class=\"elementor-column elementor-col-100 elementor-top-column elementor-element elementor-element-eddcb2c\" data-id=\"eddcb2c\" data-element_type=\"column\" data-e-type=\"column\">\n\t\t\t<div class=\"elementor-widget-wrap elementor-element-populated\">\n\t\t\t\t\t\t<div class=\"elementor-element elementor-element-107c588 elementor-widget elementor-widget-heading\" data-id=\"107c588\" data-element_type=\"widget\" data-e-type=\"widget\" data-widget_type=\"heading.default\">\n\t\t\t\t<div class=\"elementor-widget-container\">\n\t\t\t\t\t<h1 class=\"elementor-heading-title elementor-size-default\">CLUB DE TIR INDOOR <br> PROVENCE TIR<\/h1>\t\t\t\t<\/div>\n\t\t\t\t<\/div>\n\t\t\t\t<div class=\"elementor-element elementor-element-a5b2667 elementor-widget elementor-widget-text-editor\" data-id=\"a5b2667\" data-element_type=\"widget\" data-e-type=\"widget\" data-widget_type=\"text-editor.default\">\n\t\t\t\t<div class=\"elementor-widget-container\">\n\t\t\t\t\t\t\t\t\t<p>PROVENCE TIR INDOOR AIX-CENTRE VILLE<\/p><p>27 Traverse Thibaut<br \/>13100 AIX-EN-PROVENCE<\/p><p>04 42 27 45 25<\/p>\t\t\t\t\t\t\t\t<\/div>\n\t\t\t\t<\/div>\n\t\t\t\t\t<\/div>\n\t\t<\/div>\n\t\t\t\t\t<\/div>\n\t\t<\/section>\n\t\t\t\t<section class=\"elementor-section elementor-top-section elementor-element elementor-element-efcaade elementor-section-boxed elementor-section-height-default elementor-section-height-default\" data-id=\"efcaade\" data-element_type=\"section\" data-e-type=\"section\" data-settings=\"{&quot;background_background&quot;:&quot;classic&quot;}\">\n\t\t\t\t\t\t<div class=\"elementor-container elementor-column-gap-default\">\n\t\t\t\t\t<div class=\"elementor-column elementor-col-100 elementor-top-column elementor-element elementor-element-072d72b\" data-id=\"072d72b\" data-element_type=\"column\" data-e-type=\"column\">\n\t\t\t<div class=\"elementor-widget-wrap elementor-element-populated\">\n\t\t\t\t\t\t<div class=\"elementor-element elementor-element-2ac0a65 elementor-widget elementor-widget-shortcode\" data-id=\"2ac0a65\" data-element_type=\"widget\" data-e-type=\"widget\" data-widget_type=\"shortcode.default\">\n\t\t\t\t<div class=\"elementor-widget-container\">\n\t\t\t\t\t\t\t<div class=\"elementor-shortcode\"><nav aria-label=\"breadcrumbs\">\n            <div class=\"breadcrumb-container theme1\">\n                <ol>\n                                    <\/ol>\n            <\/div>\n        <\/nav>    <script type=\"application\/ld+json\">\n        {\n            \"@context\": \"http:\/\/schema.org\",\n            \"@type\": \"BreadcrumbList\",\n            \"itemListElement\": [\n                            ]\n        }\n    <\/script>\n   \n    <script>\n            <\/script>\n<\/div>\n\t\t\t\t\t\t<\/div>\n\t\t\t\t<\/div>\n\t\t\t\t<div class=\"elementor-element elementor-element-edc2931 elementor-widget elementor-widget-heading\" data-id=\"edc2931\" data-element_type=\"widget\" data-e-type=\"widget\" data-widget_type=\"heading.default\">\n\t\t\t\t<div class=\"elementor-widget-container\">\n\t\t\t\t\t<h2 class=\"elementor-heading-title elementor-size-default\">COMPLEXE DE TIR SPORTIF UNIQUE EN FRANCE<\/h2>\t\t\t\t<\/div>\n\t\t\t\t<\/div>\n\t\t\t\t<div class=\"elementor-element elementor-element-cee6529 elementor-widget elementor-widget-text-editor\" data-id=\"cee6529\" data-element_type=\"widget\" data-e-type=\"widget\" data-widget_type=\"text-editor.default\">\n\t\t\t\t<div class=\"elementor-widget-container\">\n\t\t\t\t\t\t\t\t\tLe Club Provence Tir propose un espace INDOOR d\u2019une superficie de 1 500m\u00b2 id\u00e9alement situ\u00e9 <strong>en plein c\u0153ur de la ville d\u2019Aix-en-Provence<\/strong> pour la pratique du tir sportif et la d\u00e9couverte du tir de loisir. L&rsquo;ensemble du complexe regroupe le stand de tir et l&rsquo;armurerie.\n\nL\u2019association Club Provence Tir est affili\u00e9e \u00e0 la <strong>F\u00e9d\u00e9ration Fran\u00e7aise de Tir<\/strong> depuis 1989\u00a0et b\u00e9n\u00e9ficie du soutien de la <strong>Ligue R\u00e9gionale de Provence<\/strong> pour accueillir les comp\u00e9titions f\u00e9d\u00e9rales dans notre r\u00e9gion.\t\t\t\t\t\t\t\t<\/div>\n\t\t\t\t<\/div>\n\t\t\t\t\t<\/div>\n\t\t<\/div>\n\t\t\t\t\t<\/div>\n\t\t<\/section>\n\t\t\t\t<section class=\"elementor-section elementor-top-section elementor-element elementor-element-662b408 elementor-section-full_width elementor-section-height-default elementor-section-height-default\" data-id=\"662b408\" data-element_type=\"section\" data-e-type=\"section\" data-settings=\"{&quot;background_background&quot;:&quot;classic&quot;}\">\n\t\t\t\t\t\t<div class=\"elementor-container elementor-column-gap-default\">\n\t\t\t\t\t<div class=\"elementor-column elementor-col-100 elementor-top-column elementor-element elementor-element-2876d90\" data-id=\"2876d90\" data-element_type=\"column\" data-e-type=\"column\">\n\t\t\t<div class=\"elementor-widget-wrap elementor-element-populated\">\n\t\t\t\t\t\t<section class=\"elementor-section elementor-inner-section elementor-element elementor-element-c29b2f4 elementor-section-full_width elementor-section-height-default elementor-section-height-default\" data-id=\"c29b2f4\" data-element_type=\"section\" data-e-type=\"section\">\n\t\t\t\t\t\t<div class=\"elementor-container elementor-column-gap-default\">\n\t\t\t\t\t<div class=\"elementor-column elementor-col-33 elementor-inner-column elementor-element elementor-element-4f25a87\" data-id=\"4f25a87\" data-element_type=\"column\" data-e-type=\"column\">\n\t\t\t<div class=\"elementor-widget-wrap elementor-element-populated\">\n\t\t\t\t\t\t<div class=\"elementor-element elementor-element-b5c80f8 elementor-widget elementor-widget-image\" data-id=\"b5c80f8\" data-element_type=\"widget\" data-e-type=\"widget\" data-widget_type=\"image.default\">\n\t\t\t\t<div class=\"elementor-widget-container\">\n\t\t\t\t\t\t\t\t\t\t\t\t\t\t\t<img fetchpriority=\"high\" decoding=\"async\" width=\"800\" height=\"600\" src=\"https:\/\/www.club-de-tir.fr\/wp-content\/uploads\/2023\/01\/stand-indoor-Provence-Tir-1024x768.jpg\" class=\"attachment-large size-large wp-image-3083\" alt=\"stand indoor Provence Tir\" srcset=\"https:\/\/www.club-de-tir.fr\/wp-content\/uploads\/2023\/01\/stand-indoor-Provence-Tir-1024x768.jpg 1024w, https:\/\/www.club-de-tir.fr\/wp-content\/uploads\/2023\/01\/stand-indoor-Provence-Tir-300x225.jpg 300w, https:\/\/www.club-de-tir.fr\/wp-content\/uploads\/2023\/01\/stand-indoor-Provence-Tir-768x576.jpg 768w, https:\/\/www.club-de-tir.fr\/wp-content\/uploads\/2023\/01\/stand-indoor-Provence-Tir-1536x1152.jpg 1536w, https:\/\/www.club-de-tir.fr\/wp-content\/uploads\/2023\/01\/stand-indoor-Provence-Tir-scaled.jpg 2048w, https:\/\/www.club-de-tir.fr\/wp-content\/uploads\/2023\/01\/stand-indoor-Provence-Tir-16x12.jpg 16w\" sizes=\"(max-width: 800px) 100vw, 800px\" \/>\t\t\t\t\t\t\t\t\t\t\t\t\t\t\t<\/div>\n\t\t\t\t<\/div>\n\t\t\t\t<div class=\"elementor-element elementor-element-4763d2b elementor-widget elementor-widget-heading\" data-id=\"4763d2b\" data-element_type=\"widget\" data-e-type=\"widget\" data-widget_type=\"heading.default\">\n\t\t\t\t<div class=\"elementor-widget-container\">\n\t\t\t\t\t<h4 class=\"elementor-heading-title elementor-size-default\">ENCADREMENT<\/h4>\t\t\t\t<\/div>\n\t\t\t\t<\/div>\n\t\t\t\t<div class=\"elementor-element elementor-element-f8bb955 elementor-widget elementor-widget-text-editor\" data-id=\"f8bb955\" data-element_type=\"widget\" data-e-type=\"widget\" data-widget_type=\"text-editor.default\">\n\t\t\t\t<div class=\"elementor-widget-container\">\n\t\t\t\t\t\t\t\t\t<p><strong>8 moniteurs de tir performants et dipl\u00f4m\u00e9s de la F\u00e9d\u00e9ration Fran\u00e7aise de Tir s\u2019impliquent au quotidien pour partager leur passion avec nos membres.<\/strong><\/p><p>Cette \u00e9quipe parfaitement form\u00e9e propose un encadrement sportif conforme aux directives de la FFTIR et offre un programme d\u2019animations riche et vari\u00e9.<\/p><p>Notre \u00e9quipe vous accompagne lors de vos s\u00e9ances d\u00e9couvertes de tir sportif qui se d\u00e9clinent sous forme de bons cadeaux (retrouvez-les\u00a0<a href=\"https:\/\/www.club-de-tir.fr\/club-provence-tir\/nos-bons-cadeaux\/\" target=\"_blank\" rel=\"noopener\">ici<\/a>).<\/p><p>Nos moniteurs assurent plusieurs missions, ils sont pr\u00e9sents d\u00e8s l&rsquo;apprentissage des tireurs d\u00e9butants qu&rsquo;ils accompagnent tout au long de leur parcours sportif, pour se former et se perfectionner.<\/p>\t\t\t\t\t\t\t\t<\/div>\n\t\t\t\t<\/div>\n\t\t\t\t<div class=\"elementor-element elementor-element-70b8c03 elementor-icon-list--layout-inline elementor-align-center elementor-list-item-link-full_width elementor-widget elementor-widget-icon-list\" data-id=\"70b8c03\" data-element_type=\"widget\" data-e-type=\"widget\" data-widget_type=\"icon-list.default\">\n\t\t\t\t<div class=\"elementor-widget-container\">\n\t\t\t\t\t\t\t<ul class=\"elementor-icon-list-items elementor-inline-items\">\n\t\t\t\t\t\t\t<li class=\"elementor-icon-list-item elementor-inline-item\">\n\t\t\t\t\t\t\t\t\t\t\t<span class=\"elementor-icon-list-icon\">\n\t\t\t\t\t\t\t<i aria-hidden=\"true\" class=\"fas fa-check\"><\/i>\t\t\t\t\t\t<\/span>\n\t\t\t\t\t\t\t\t\t\t<span class=\"elementor-icon-list-text\">S\u00e9curit\u00e9<\/span>\n\t\t\t\t\t\t\t\t\t<\/li>\n\t\t\t\t\t\t\t\t<li class=\"elementor-icon-list-item elementor-inline-item\">\n\t\t\t\t\t\t\t\t\t\t\t<span class=\"elementor-icon-list-icon\">\n\t\t\t\t\t\t\t<i aria-hidden=\"true\" class=\"fas fa-check\"><\/i>\t\t\t\t\t\t<\/span>\n\t\t\t\t\t\t\t\t\t\t<span class=\"elementor-icon-list-text\">Convivialit\u00e9<\/span>\n\t\t\t\t\t\t\t\t\t<\/li>\n\t\t\t\t\t\t\t\t<li class=\"elementor-icon-list-item elementor-inline-item\">\n\t\t\t\t\t\t\t\t\t\t\t<span class=\"elementor-icon-list-icon\">\n\t\t\t\t\t\t\t<i aria-hidden=\"true\" class=\"fas fa-check\"><\/i>\t\t\t\t\t\t<\/span>\n\t\t\t\t\t\t\t\t\t\t<span class=\"elementor-icon-list-text\">Passion<\/span>\n\t\t\t\t\t\t\t\t\t<\/li>\n\t\t\t\t\t\t\t\t<li class=\"elementor-icon-list-item elementor-inline-item\">\n\t\t\t\t\t\t\t\t\t\t\t<span class=\"elementor-icon-list-icon\">\n\t\t\t\t\t\t\t<i aria-hidden=\"true\" class=\"fas fa-check\"><\/i>\t\t\t\t\t\t<\/span>\n\t\t\t\t\t\t\t\t\t\t<span class=\"elementor-icon-list-text\">respect<\/span>\n\t\t\t\t\t\t\t\t\t<\/li>\n\t\t\t\t\t\t<\/ul>\n\t\t\t\t\t\t<\/div>\n\t\t\t\t<\/div>\n\t\t\t\t<div class=\"elementor-element elementor-element-1d3f894 elementor-widget elementor-widget-spacer\" data-id=\"1d3f894\" data-element_type=\"widget\" data-e-type=\"widget\" data-widget_type=\"spacer.default\">\n\t\t\t\t<div class=\"elementor-widget-container\">\n\t\t\t\t\t\t\t<div class=\"elementor-spacer\">\n\t\t\t<div class=\"elementor-spacer-inner\"><\/div>\n\t\t<\/div>\n\t\t\t\t\t\t<\/div>\n\t\t\t\t<\/div>\n\t\t\t\t<div class=\"elementor-element elementor-element-893c8c1 elementor-widget elementor-widget-image\" data-id=\"893c8c1\" data-element_type=\"widget\" data-e-type=\"widget\" data-widget_type=\"image.default\">\n\t\t\t\t<div class=\"elementor-widget-container\">\n\t\t\t\t\t\t\t\t\t\t\t\t\t\t\t<img decoding=\"async\" width=\"768\" height=\"1024\" src=\"https:\/\/www.club-de-tir.fr\/wp-content\/uploads\/2023\/01\/stand-25-m-indoor-provence-tir-1-768x1024.jpg\" class=\"attachment-large size-large wp-image-3115\" alt=\"stand 25 m indoor provence tir\" srcset=\"https:\/\/www.club-de-tir.fr\/wp-content\/uploads\/2023\/01\/stand-25-m-indoor-provence-tir-1-768x1024.jpg 768w, https:\/\/www.club-de-tir.fr\/wp-content\/uploads\/2023\/01\/stand-25-m-indoor-provence-tir-1-225x300.jpg 225w, https:\/\/www.club-de-tir.fr\/wp-content\/uploads\/2023\/01\/stand-25-m-indoor-provence-tir-1-1152x1536.jpg 1152w, https:\/\/www.club-de-tir.fr\/wp-content\/uploads\/2023\/01\/stand-25-m-indoor-provence-tir-1-1536x2048.jpg 1536w, https:\/\/www.club-de-tir.fr\/wp-content\/uploads\/2023\/01\/stand-25-m-indoor-provence-tir-1-9x12.jpg 9w, https:\/\/www.club-de-tir.fr\/wp-content\/uploads\/2023\/01\/stand-25-m-indoor-provence-tir-1-scaled.jpg 1920w\" sizes=\"(max-width: 768px) 100vw, 768px\" \/>\t\t\t\t\t\t\t\t\t\t\t\t\t\t\t<\/div>\n\t\t\t\t<\/div>\n\t\t\t\t\t<\/div>\n\t\t<\/div>\n\t\t\t\t<div class=\"elementor-column elementor-col-33 elementor-inner-column elementor-element elementor-element-29dbea9 elementor-hidden-tablet elementor-hidden-phone\" data-id=\"29dbea9\" data-element_type=\"column\" data-e-type=\"column\">\n\t\t\t<div class=\"elementor-widget-wrap\">\n\t\t\t\t\t\t\t<\/div>\n\t\t<\/div>\n\t\t\t\t<div class=\"elementor-column elementor-col-33 elementor-inner-column elementor-element elementor-element-c33d049\" data-id=\"c33d049\" data-element_type=\"column\" data-e-type=\"column\">\n\t\t\t<div class=\"elementor-widget-wrap elementor-element-populated\">\n\t\t\t\t\t\t<div class=\"elementor-element elementor-element-63de19b elementor-widget elementor-widget-heading\" data-id=\"63de19b\" data-element_type=\"widget\" data-e-type=\"widget\" data-widget_type=\"heading.default\">\n\t\t\t\t<div class=\"elementor-widget-container\">\n\t\t\t\t\t<h4 class=\"elementor-heading-title elementor-size-default\">NOS INSTALLATIONS<\/h4>\t\t\t\t<\/div>\n\t\t\t\t<\/div>\n\t\t\t\t<div class=\"elementor-element elementor-element-10fda0b elementor-widget elementor-widget-text-editor\" data-id=\"10fda0b\" data-element_type=\"widget\" data-e-type=\"widget\" data-widget_type=\"text-editor.default\">\n\t\t\t\t<div class=\"elementor-widget-container\">\n\t\t\t\t\t\t\t\t\t<p><strong>Complexe de tir spacieux \u00e9quip\u00e9 d\u2019installations modernes, totalement s\u00e9curis\u00e9es et agr\u00e9\u00e9es F\u00e9d\u00e9ration Fran\u00e7aise de Tir, le Club dispose de 25 pas de tir r\u00e9partis en 5 stands sur des distances de tir\u00a0allant de 10m\u00a0\u00e0 25m.<\/strong><\/p><p>Nos stands sont dot\u00e9s d\u2019am\u00e9nagements sp\u00e9cifiques et peuvent accueillir 25 tireurs simultan\u00e9ment :<\/p><ul><li><span style=\"text-decoration: underline;\"><strong>Stand de tir n\u00b0 1 :<\/strong><\/span> Distance de tir 12m sur cible fixe ou pivotante de type vitesse olympique<\/li><li><span style=\"text-decoration: underline;\"><strong>Stand de tir n\u00b0 2 :<\/strong><\/span> Distance de tir 15m afin d\u2019offrir aux tireurs une ciblerie derni\u00e8re g\u00e9n\u00e9ration<\/li><li><strong><span style=\"text-decoration: underline;\">Stand de tir n\u00b0 3 :<\/span><\/strong> Stand de tir de derni\u00e8re g\u00e9n\u00e9ration enti\u00e8rement r\u00e9nov\u00e9 permettant de tirer \u00e0 une distance de 25m<\/li><li><strong><span style=\"text-decoration: underline;\">Stand de tir n\u00b0 4 et 5 :<\/span><\/strong> Distance de tir 10m sur cibles fixes papiers et quilles<\/li><\/ul><p>\u00a0<\/p><p>Deux de nos stands sont accessibles aux Personnes \u00e0 Mobilit\u00e9 R\u00e9duite (PMR).<\/p><p>Du mat\u00e9riel sp\u00e9cifique est mis \u00e0 disposition par la FFTIR.<\/p><p>Avec ses 5 stands, pouvant accueillir plusieurs th\u00e9matiques, la capacit\u00e9 d\u2019accueil et le choix des armes de marques, de mod\u00e8les et de calibres diff\u00e9rents pour les tireurs, quel que soit leur niveau, sont des atouts de taille du complexe.<\/p>\t\t\t\t\t\t\t\t<\/div>\n\t\t\t\t<\/div>\n\t\t\t\t<div class=\"elementor-element elementor-element-97f6a9b caret-icon elementor-view-default elementor-widget elementor-widget-icon\" data-id=\"97f6a9b\" data-element_type=\"widget\" data-e-type=\"widget\" data-widget_type=\"icon.default\">\n\t\t\t\t<div class=\"elementor-widget-container\">\n\t\t\t\t\t\t\t<div class=\"elementor-icon-wrapper\">\n\t\t\t<div class=\"elementor-icon\">\n\t\t\t<svg xmlns=\"http:\/\/www.w3.org\/2000\/svg\" width=\"15.979\" height=\"14.083\" viewBox=\"0 0 15.979 14.083\"><path id=\"Trac&#xE9;_451\" data-name=\"Trac&#xE9; 451\" d=\"M7.78,2.9a2,2,0,0,1,3.439,0l5.987,10.083A2,2,0,0,1,15.487,16H3.513a2,2,0,0,1-1.72-3.021Z\" transform=\"translate(17.49 16) rotate(180)\"><\/path><\/svg>\t\t\t<\/div>\n\t\t<\/div>\n\t\t\t\t\t\t<\/div>\n\t\t\t\t<\/div>\n\t\t\t\t<div class=\"elementor-element elementor-element-eafaf7b elementor-widget elementor-widget-heading\" data-id=\"eafaf7b\" data-element_type=\"widget\" data-e-type=\"widget\" data-widget_type=\"heading.default\">\n\t\t\t\t<div class=\"elementor-widget-container\">\n\t\t\t\t\t<h4 class=\"elementor-heading-title elementor-size-default\">ESPACE DETENTE<\/h4>\t\t\t\t<\/div>\n\t\t\t\t<\/div>\n\t\t\t\t<div class=\"elementor-element elementor-element-3b64630 elementor-widget elementor-widget-text-editor\" data-id=\"3b64630\" data-element_type=\"widget\" data-e-type=\"widget\" data-widget_type=\"text-editor.default\">\n\t\t\t\t<div class=\"elementor-widget-container\">\n\t\t\t\t\t\t\t\t\t<p><span style=\"background-color: var( --e-global-color-e4373ec ); color: var( --e-global-color-text ); font-size: 1rem;\">Chez PROVENCE TIR rien n\u2019a \u00e9t\u00e9 laiss\u00e9 au hasard. En effet, le club de tir dispose d\u2019un espace d\u00e9tente avec un Club House moderne et cosy, totalement d\u00e9di\u00e9 au confort et \u00e0 la convivialit\u00e9 de tous les adh\u00e9rents et clients voulant partager, \u00e9changer et se retrouver entre amis autour d&rsquo;un verre.\u00a0<\/span><\/p><p><span style=\"color: var( --e-global-color-text ); background-color: var( --e-global-color-e4373ec ); font-size: 1rem;\">Sur demande, des formules de groupe d\u00e9di\u00e9es aux entreprises avec prise en charge int\u00e9grale, l\u2019organisation sur mesure de s\u00e9minaires et d\u2019autres \u00e9v\u00e9nements de type \u00ab\u00a0incentives\u00a0\u00bb peuvent vous \u00eatre propos\u00e9es.<\/span><\/p><p>Pour celles ou ceux qui souhaitent organiser un \u00e9v\u00e9nement priv\u00e9 ou confidentiel, notre \u00e9quipe se fera un plaisir de r\u00e9pondre \u00e0 vos attentes et exigences \u00e0 travers des formules adapt\u00e9es et adaptables.<\/p>\t\t\t\t\t\t\t\t<\/div>\n\t\t\t\t<\/div>\n\t\t\t\t<div class=\"elementor-element elementor-element-6f4c1bb elementor-widget elementor-widget-image\" data-id=\"6f4c1bb\" data-element_type=\"widget\" data-e-type=\"widget\" data-widget_type=\"image.default\">\n\t\t\t\t<div class=\"elementor-widget-container\">\n\t\t\t\t\t\t\t\t\t\t\t\t\t\t\t<img decoding=\"async\" width=\"800\" height=\"600\" src=\"https:\/\/www.club-de-tir.fr\/wp-content\/uploads\/2023\/01\/club-provence-tir-bar-1024x768.jpg\" class=\"attachment-large size-large wp-image-3074\" alt=\"bar club Provence Tir\" srcset=\"https:\/\/www.club-de-tir.fr\/wp-content\/uploads\/2023\/01\/club-provence-tir-bar-1024x768.jpg 1024w, https:\/\/www.club-de-tir.fr\/wp-content\/uploads\/2023\/01\/club-provence-tir-bar-300x225.jpg 300w, https:\/\/www.club-de-tir.fr\/wp-content\/uploads\/2023\/01\/club-provence-tir-bar-768x576.jpg 768w, https:\/\/www.club-de-tir.fr\/wp-content\/uploads\/2023\/01\/club-provence-tir-bar-1536x1152.jpg 1536w, https:\/\/www.club-de-tir.fr\/wp-content\/uploads\/2023\/01\/club-provence-tir-bar-scaled.jpg 2048w, https:\/\/www.club-de-tir.fr\/wp-content\/uploads\/2023\/01\/club-provence-tir-bar-16x12.jpg 16w\" sizes=\"(max-width: 800px) 100vw, 800px\" \/>\t\t\t\t\t\t\t\t\t\t\t\t\t\t\t<\/div>\n\t\t\t\t<\/div>\n\t\t\t\t<div class=\"elementor-element elementor-element-931dc5f caret-icon elementor-view-default elementor-widget elementor-widget-icon\" data-id=\"931dc5f\" data-element_type=\"widget\" data-e-type=\"widget\" data-widget_type=\"icon.default\">\n\t\t\t\t<div class=\"elementor-widget-container\">\n\t\t\t\t\t\t\t<div class=\"elementor-icon-wrapper\">\n\t\t\t<div class=\"elementor-icon\">\n\t\t\t<svg xmlns=\"http:\/\/www.w3.org\/2000\/svg\" width=\"15.979\" height=\"14.083\" viewBox=\"0 0 15.979 14.083\"><path id=\"Trac&#xE9;_451\" data-name=\"Trac&#xE9; 451\" d=\"M7.78,2.9a2,2,0,0,1,3.439,0l5.987,10.083A2,2,0,0,1,15.487,16H3.513a2,2,0,0,1-1.72-3.021Z\" transform=\"translate(-1.51 -1.917)\"><\/path><\/svg>\t\t\t<\/div>\n\t\t<\/div>\n\t\t\t\t\t\t<\/div>\n\t\t\t\t<\/div>\n\t\t\t\t\t<\/div>\n\t\t<\/div>\n\t\t\t\t\t<\/div>\n\t\t<\/section>\n\t\t\t\t<div class=\"elementor-element elementor-element-b373234 elementor-widget elementor-widget-spacer\" data-id=\"b373234\" data-element_type=\"widget\" data-e-type=\"widget\" data-widget_type=\"spacer.default\">\n\t\t\t\t<div class=\"elementor-widget-container\">\n\t\t\t\t\t\t\t<div class=\"elementor-spacer\">\n\t\t\t<div class=\"elementor-spacer-inner\"><\/div>\n\t\t<\/div>\n\t\t\t\t\t\t<\/div>\n\t\t\t\t<\/div>\n\t\t\t\t\t<\/div>\n\t\t<\/div>\n\t\t\t\t\t<\/div>\n\t\t<\/section>\n\t\t\t\t<\/div>\n\t\t","protected":false},"excerpt":{"rendered":"<p>CLUB DE TIR INDOOR PROVENCE TIR PROVENCE TIR INDOOR AIX-CENTRE VILLE 27 Traverse Thibaut13100 AIX-EN-PROVENCE 04 42 27 45 25 COMPLEXE DE TIR SPORTIF UNIQUE EN FRANCE Le Club Provence Tir propose un espace INDOOR d\u2019une superficie de 1 500m\u00b2 id\u00e9alement situ\u00e9 en plein c\u0153ur de la ville d\u2019Aix-en-Provence pour la pratique du tir sportif [&hellip;]<\/p>\n","protected":false},"author":1,"featured_media":0,"parent":0,"menu_order":0,"comment_status":"closed","ping_status":"closed","template":"","meta":{"_acf_changed":false,"_eb_attr":"","om_disable_all_campaigns":false,"_monsterinsights_skip_tracking":false,"_monsterinsights_sitenote_active":false,"_monsterinsights_sitenote_note":"","_monsterinsights_sitenote_category":0,"footnotes":""},"class_list":["post-533","page","type-page","status-publish","hentry"],"acf":[],"aioseo_notices":[],"_links":{"self":[{"href":"https:\/\/www.club-de-tir.fr\/en\/wp-json\/wp\/v2\/pages\/533","targetHints":{"allow":["GET"]}}],"collection":[{"href":"https:\/\/www.club-de-tir.fr\/en\/wp-json\/wp\/v2\/pages"}],"about":[{"href":"https:\/\/www.club-de-tir.fr\/en\/wp-json\/wp\/v2\/types\/page"}],"author":[{"embeddable":true,"href":"https:\/\/www.club-de-tir.fr\/en\/wp-json\/wp\/v2\/users\/1"}],"replies":[{"embeddable":true,"href":"https:\/\/www.club-de-tir.fr\/en\/wp-json\/wp\/v2\/comments?post=533"}],"version-history":[{"count":252,"href":"https:\/\/www.club-de-tir.fr\/en\/wp-json\/wp\/v2\/pages\/533\/revisions"}],"predecessor-version":[{"id":5048,"href":"https:\/\/www.club-de-tir.fr\/en\/wp-json\/wp\/v2\/pages\/533\/revisions\/5048"}],"wp:attachment":[{"href":"https:\/\/www.club-de-tir.fr\/en\/wp-json\/wp\/v2\/media?parent=533"}],"curies":[{"name":"wp","href":"https:\/\/api.w.org\/{rel}","templated":true}]}}