{"id":4249,"date":"2023-08-23T17:01:43","date_gmt":"2023-08-23T15:01:43","guid":{"rendered":"https:\/\/www.club-de-tir.fr\/?page_id=4249"},"modified":"2024-08-08T15:16:39","modified_gmt":"2024-08-08T13:16:39","slug":"discipline-tsv","status":"publish","type":"page","link":"https:\/\/www.club-de-tir.fr\/en\/provence-shooting-club\/discipline-tsv\/","title":{"rendered":"Practical Shooting"},"content":{"rendered":"\t\t<div data-elementor-type=\"wp-page\" data-elementor-id=\"4249\" class=\"elementor elementor-4249\" data-elementor-post-type=\"page\">\n\t\t\t\t\t\t<section class=\"elementor-section elementor-top-section elementor-element elementor-element-2923d9ae elementor-section-full_width elementor-section-height-default elementor-section-height-default\" data-id=\"2923d9ae\" data-element_type=\"section\" data-e-type=\"section\" data-settings=\"{&quot;background_background&quot;:&quot;classic&quot;}\">\n\t\t\t\t\t\t\t<div class=\"elementor-background-overlay\"><\/div>\n\t\t\t\t\t\t\t<div class=\"elementor-container elementor-column-gap-default\">\n\t\t\t\t\t<div class=\"elementor-column elementor-col-100 elementor-top-column elementor-element elementor-element-4fa2980d\" data-id=\"4fa2980d\" data-element_type=\"column\" data-e-type=\"column\">\n\t\t\t<div class=\"elementor-widget-wrap elementor-element-populated\">\n\t\t\t\t\t\t<div class=\"elementor-element elementor-element-7c9ab7c3 section_titre_basic elementor-widget elementor-widget-heading\" data-id=\"7c9ab7c3\" data-element_type=\"widget\" data-e-type=\"widget\" data-widget_type=\"heading.default\">\n\t\t\t\t<div class=\"elementor-widget-container\">\n\t\t\t\t\t<h1 class=\"elementor-heading-title elementor-size-default\">UNIVERS TSV<\/h1>\t\t\t\t<\/div>\n\t\t\t\t<\/div>\n\t\t\t\t\t<\/div>\n\t\t<\/div>\n\t\t\t\t\t<\/div>\n\t\t<\/section>\n\t\t\t\t<section class=\"elementor-section elementor-top-section elementor-element elementor-element-294d62b elementor-section-boxed elementor-section-height-default elementor-section-height-default\" data-id=\"294d62b\" data-element_type=\"section\" data-e-type=\"section\" data-settings=\"{&quot;background_background&quot;:&quot;classic&quot;}\">\n\t\t\t\t\t\t<div class=\"elementor-container elementor-column-gap-default\">\n\t\t\t\t\t<div class=\"elementor-column elementor-col-100 elementor-top-column elementor-element elementor-element-c307720\" data-id=\"c307720\" data-element_type=\"column\" data-e-type=\"column\">\n\t\t\t<div class=\"elementor-widget-wrap elementor-element-populated\">\n\t\t\t\t\t\t<div class=\"elementor-element elementor-element-cb74b2e elementor-widget elementor-widget-shortcode\" data-id=\"cb74b2e\" data-element_type=\"widget\" data-e-type=\"widget\" data-widget_type=\"shortcode.default\">\n\t\t\t\t<div class=\"elementor-widget-container\">\n\t\t\t\t\t\t\t<div class=\"elementor-shortcode\"><nav aria-label=\"breadcrumbs\">\n            <div class=\"breadcrumb-container theme1\">\n                <ol>\n                                    <\/ol>\n            <\/div>\n        <\/nav>    <script type=\"application\/ld+json\">\n        {\n            \"@context\": \"http:\/\/schema.org\",\n            \"@type\": \"BreadcrumbList\",\n            \"itemListElement\": [\n                            ]\n        }\n    <\/script>\n   \n    <script>\n            <\/script>\n<\/div>\n\t\t\t\t\t\t<\/div>\n\t\t\t\t<\/div>\n\t\t\t\t<div class=\"elementor-element elementor-element-1e50ae6 elementor-widget elementor-widget-spacer\" data-id=\"1e50ae6\" data-element_type=\"widget\" data-e-type=\"widget\" data-widget_type=\"spacer.default\">\n\t\t\t\t<div class=\"elementor-widget-container\">\n\t\t\t\t\t\t\t<div class=\"elementor-spacer\">\n\t\t\t<div class=\"elementor-spacer-inner\"><\/div>\n\t\t<\/div>\n\t\t\t\t\t\t<\/div>\n\t\t\t\t<\/div>\n\t\t\t\t<div class=\"elementor-element elementor-element-98bfa6a elementor-widget elementor-widget-heading\" data-id=\"98bfa6a\" data-element_type=\"widget\" data-e-type=\"widget\" data-widget_type=\"heading.default\">\n\t\t\t\t<div class=\"elementor-widget-container\">\n\t\t\t\t\t<h2 class=\"elementor-heading-title elementor-size-default\">PRATIQUEZ LA DISCIPLINE TSV <br>(TIR SPORTIF DE VITESSE) <br>AU SEIN DE PROVENCE SHOOTING CLUB<\/h2>\t\t\t\t<\/div>\n\t\t\t\t<\/div>\n\t\t\t\t<div class=\"elementor-element elementor-element-0bb902c elementor-widget elementor-widget-spacer\" data-id=\"0bb902c\" data-element_type=\"widget\" data-e-type=\"widget\" data-widget_type=\"spacer.default\">\n\t\t\t\t<div class=\"elementor-widget-container\">\n\t\t\t\t\t\t\t<div class=\"elementor-spacer\">\n\t\t\t<div class=\"elementor-spacer-inner\"><\/div>\n\t\t<\/div>\n\t\t\t\t\t\t<\/div>\n\t\t\t\t<\/div>\n\t\t\t\t\t<\/div>\n\t\t<\/div>\n\t\t\t\t\t<\/div>\n\t\t<\/section>\n\t\t\t\t<section class=\"elementor-section elementor-top-section elementor-element elementor-element-945c76d elementor-section-full_width elementor-section-height-default elementor-section-height-default\" data-id=\"945c76d\" data-element_type=\"section\" data-e-type=\"section\" data-settings=\"{&quot;background_background&quot;:&quot;classic&quot;}\">\n\t\t\t\t\t\t<div class=\"elementor-container elementor-column-gap-default\">\n\t\t\t\t\t<div class=\"elementor-column elementor-col-33 elementor-top-column elementor-element elementor-element-9c50292\" data-id=\"9c50292\" data-element_type=\"column\" data-e-type=\"column\">\n\t\t\t<div class=\"elementor-widget-wrap elementor-element-populated\">\n\t\t\t\t\t\t<div class=\"elementor-element elementor-element-974c5ef elementor-widget elementor-widget-image\" data-id=\"974c5ef\" data-element_type=\"widget\" data-e-type=\"widget\" data-widget_type=\"image.default\">\n\t\t\t\t<div class=\"elementor-widget-container\">\n\t\t\t\t\t\t\t\t\t\t\t\t\t\t\t<img fetchpriority=\"high\" decoding=\"async\" width=\"300\" height=\"191\" src=\"https:\/\/www.club-de-tir.fr\/wp-content\/uploads\/2022\/03\/Logo-FFTIR-1-300x191.png\" class=\"attachment-medium size-medium wp-image-1934\" alt=\"Logo FFTIR bleu blanc rouge\" srcset=\"https:\/\/www.club-de-tir.fr\/wp-content\/uploads\/2022\/03\/Logo-FFTIR-1-300x191.png 300w, https:\/\/www.club-de-tir.fr\/wp-content\/uploads\/2022\/03\/Logo-FFTIR-1-1024x651.png 1024w, https:\/\/www.club-de-tir.fr\/wp-content\/uploads\/2022\/03\/Logo-FFTIR-1-768x488.png 768w, https:\/\/www.club-de-tir.fr\/wp-content\/uploads\/2022\/03\/Logo-FFTIR-1-18x12.png 18w, https:\/\/www.club-de-tir.fr\/wp-content\/uploads\/2022\/03\/Logo-FFTIR-1.png 1098w\" sizes=\"(max-width: 300px) 100vw, 300px\" \/>\t\t\t\t\t\t\t\t\t\t\t\t\t\t\t<\/div>\n\t\t\t\t<\/div>\n\t\t\t\t\t<\/div>\n\t\t<\/div>\n\t\t\t\t<div class=\"elementor-column elementor-col-33 elementor-top-column elementor-element elementor-element-d110a3b\" data-id=\"d110a3b\" data-element_type=\"column\" data-e-type=\"column\">\n\t\t\t<div class=\"elementor-widget-wrap elementor-element-populated\">\n\t\t\t\t\t\t<div class=\"elementor-element elementor-element-edee001 elementor-widget elementor-widget-text-editor\" data-id=\"edee001\" data-element_type=\"widget\" data-e-type=\"widget\" data-widget_type=\"text-editor.default\">\n\t\t\t\t<div class=\"elementor-widget-container\">\n\t\t\t\t\t\t\t\t\t<p style=\"text-align: center;\">Le Tir Sportif de Vitesse (TSV) est la d\u00e9clinaison fran\u00e7aise de l&rsquo;IPSC.<\/p><p style=\"text-align: center;\">L&rsquo;objectif est d&rsquo;aborder les cibles qui composent l&rsquo;\u00e9preuve le plus rapidement et le plus pr\u00e9cis\u00e9ment possible.<\/p><p style=\"text-align: center;\">Il existe trois types d&rsquo;\u00e9preuves (courtes, moyennes et longues).<\/p><p style=\"text-align: center;\">Les \u00e9preuves courtes se tirent \u00e0 une position fixe.<\/p><p style=\"text-align: center;\">Les moyennes n\u00e9cessitent des d\u00e9placements ou des changements de postes.<\/p><p style=\"text-align: center;\">Les \u00e9preuves longues exigent une course plus dynamique.<\/p><p style=\"text-align: center;\">Les cibles sont \u00e0 forme g\u00e9om\u00e9triques et comportent trois zones.<\/p><p style=\"text-align: center;\">Il existe plusieurs disciplines dans le tir sportif de vitesse. Nous en pratiquons quatre en France :<\/p><ul><li>Le Handgun (Pistolet) (HG)<\/li><li>Le Shotgun (Fusil) (SG)<\/li><li>Le Rifle (Carabine) (RF)<\/li><li>Le Pistol Carabine Caliber (Carabine dans un calibre d&rsquo;arme de poing) (PCC) qui permet de tirer des matchs Handgun avec des armes d&rsquo;\u00e9paule.<\/li><\/ul><p>\u00a0<\/p><p style=\"text-align: center;\">Ces disciplines sont particuli\u00e8rement dynamiques et n\u00e9cessitent de la part du tireur de la dext\u00e9rit\u00e9 et une certaine coordination.<\/p><p>\u00a0<\/p><p style=\"text-align: center;\">Venez pratiquer votre discipline au sein de Provence Shooting Club avec le meilleur du mat\u00e9riel mis \u00e0 votre disposition, afin que vous puissiez vivre dans des conditions optimales votre exp\u00e9rience dans la pratique du tir sportif de vitesse !<\/p>\t\t\t\t\t\t\t\t<\/div>\n\t\t\t\t<\/div>\n\t\t\t\t<div class=\"elementor-element elementor-element-da3ad21 elementor-widget elementor-widget-spacer\" data-id=\"da3ad21\" data-element_type=\"widget\" data-e-type=\"widget\" data-widget_type=\"spacer.default\">\n\t\t\t\t<div class=\"elementor-widget-container\">\n\t\t\t\t\t\t\t<div class=\"elementor-spacer\">\n\t\t\t<div class=\"elementor-spacer-inner\"><\/div>\n\t\t<\/div>\n\t\t\t\t\t\t<\/div>\n\t\t\t\t<\/div>\n\t\t\t\t<div class=\"elementor-element elementor-element-6bc9735 elementor-widget elementor-widget-spacer\" data-id=\"6bc9735\" data-element_type=\"widget\" data-e-type=\"widget\" data-widget_type=\"spacer.default\">\n\t\t\t\t<div class=\"elementor-widget-container\">\n\t\t\t\t\t\t\t<div class=\"elementor-spacer\">\n\t\t\t<div class=\"elementor-spacer-inner\"><\/div>\n\t\t<\/div>\n\t\t\t\t\t\t<\/div>\n\t\t\t\t<\/div>\n\t\t\t\t<div class=\"elementor-element elementor-element-81580cd elementor-widget elementor-widget-spacer\" data-id=\"81580cd\" data-element_type=\"widget\" data-e-type=\"widget\" data-widget_type=\"spacer.default\">\n\t\t\t\t<div class=\"elementor-widget-container\">\n\t\t\t\t\t\t\t<div class=\"elementor-spacer\">\n\t\t\t<div class=\"elementor-spacer-inner\"><\/div>\n\t\t<\/div>\n\t\t\t\t\t\t<\/div>\n\t\t\t\t<\/div>\n\t\t\t\t\t<\/div>\n\t\t<\/div>\n\t\t\t\t<div class=\"elementor-column elementor-col-33 elementor-top-column elementor-element elementor-element-296afec\" data-id=\"296afec\" data-element_type=\"column\" data-e-type=\"column\">\n\t\t\t<div class=\"elementor-widget-wrap elementor-element-populated\">\n\t\t\t\t\t\t<div class=\"elementor-element elementor-element-32c8db0 elementor-widget elementor-widget-image\" data-id=\"32c8db0\" data-element_type=\"widget\" data-e-type=\"widget\" data-widget_type=\"image.default\">\n\t\t\t\t<div class=\"elementor-widget-container\">\n\t\t\t\t\t\t\t\t\t\t\t\t\t\t\t<img decoding=\"async\" width=\"300\" height=\"300\" src=\"https:\/\/www.club-de-tir.fr\/wp-content\/uploads\/2022\/02\/Provence-shooting-club-JO-300x300.jpg\" class=\"attachment-medium size-medium wp-image-966\" alt=\"Provence shooting club Logo\" srcset=\"https:\/\/www.club-de-tir.fr\/wp-content\/uploads\/2022\/02\/Provence-shooting-club-JO-300x300.jpg 300w, https:\/\/www.club-de-tir.fr\/wp-content\/uploads\/2022\/02\/Provence-shooting-club-JO-150x150.jpg 150w, https:\/\/www.club-de-tir.fr\/wp-content\/uploads\/2022\/02\/Provence-shooting-club-JO-12x12.jpg 12w, https:\/\/www.club-de-tir.fr\/wp-content\/uploads\/2022\/02\/Provence-shooting-club-JO.jpg 319w\" sizes=\"(max-width: 300px) 100vw, 300px\" \/>\t\t\t\t\t\t\t\t\t\t\t\t\t\t\t<\/div>\n\t\t\t\t<\/div>\n\t\t\t\t\t<\/div>\n\t\t<\/div>\n\t\t\t\t\t<\/div>\n\t\t<\/section>\n\t\t\t\t<\/div>\n\t\t","protected":false},"excerpt":{"rendered":"<p>UNIVERS TSV PRATIQUEZ LA DISCIPLINE TSV (TIR SPORTIF DE VITESSE) AU SEIN DE PROVENCE SHOOTING CLUB Le Tir Sportif de Vitesse (TSV) est la d\u00e9clinaison fran\u00e7aise de l&rsquo;IPSC. L&rsquo;objectif est d&rsquo;aborder les cibles qui composent l&rsquo;\u00e9preuve le plus rapidement et le plus pr\u00e9cis\u00e9ment possible. Il existe trois types d&rsquo;\u00e9preuves (courtes, moyennes et longues). Les \u00e9preuves [&hellip;]<\/p>\n","protected":false},"author":2,"featured_media":4209,"parent":1167,"menu_order":0,"comment_status":"closed","ping_status":"closed","template":"","meta":{"_acf_changed":false,"_eb_attr":"","om_disable_all_campaigns":false,"_monsterinsights_skip_tracking":false,"_monsterinsights_sitenote_active":false,"_monsterinsights_sitenote_note":"","_monsterinsights_sitenote_category":0,"footnotes":""},"class_list":["post-4249","page","type-page","status-publish","has-post-thumbnail","hentry"],"acf":[],"aioseo_notices":[],"_links":{"self":[{"href":"https:\/\/www.club-de-tir.fr\/en\/wp-json\/wp\/v2\/pages\/4249","targetHints":{"allow":["GET"]}}],"collection":[{"href":"https:\/\/www.club-de-tir.fr\/en\/wp-json\/wp\/v2\/pages"}],"about":[{"href":"https:\/\/www.club-de-tir.fr\/en\/wp-json\/wp\/v2\/types\/page"}],"author":[{"embeddable":true,"href":"https:\/\/www.club-de-tir.fr\/en\/wp-json\/wp\/v2\/users\/2"}],"replies":[{"embeddable":true,"href":"https:\/\/www.club-de-tir.fr\/en\/wp-json\/wp\/v2\/comments?post=4249"}],"version-history":[{"count":42,"href":"https:\/\/www.club-de-tir.fr\/en\/wp-json\/wp\/v2\/pages\/4249\/revisions"}],"predecessor-version":[{"id":4933,"href":"https:\/\/www.club-de-tir.fr\/en\/wp-json\/wp\/v2\/pages\/4249\/revisions\/4933"}],"up":[{"embeddable":true,"href":"https:\/\/www.club-de-tir.fr\/en\/wp-json\/wp\/v2\/pages\/1167"}],"wp:featuredmedia":[{"embeddable":true,"href":"https:\/\/www.club-de-tir.fr\/en\/wp-json\/wp\/v2\/media\/4209"}],"wp:attachment":[{"href":"https:\/\/www.club-de-tir.fr\/en\/wp-json\/wp\/v2\/media?parent=4249"}],"curies":[{"name":"wp","href":"https:\/\/api.w.org\/{rel}","templated":true}]}}