{"id":3558,"date":"2023-02-01T15:58:23","date_gmt":"2023-02-01T14:58:23","guid":{"rendered":"https:\/\/www.club-de-tir.fr\/?page_id=3558"},"modified":"2023-08-22T12:05:31","modified_gmt":"2023-08-22T10:05:31","slug":"notre-programme-environnemental","status":"publish","type":"page","link":"https:\/\/www.club-de-tir.fr\/en\/notre-adn\/notre-programme-environnemental\/","title":{"rendered":"Our environmental program"},"content":{"rendered":"\t\t<div data-elementor-type=\"wp-page\" data-elementor-id=\"3558\" class=\"elementor elementor-3558\" data-elementor-post-type=\"page\">\n\t\t\t\t\t\t<section class=\"elementor-section elementor-top-section elementor-element elementor-element-7ea5df73 elementor-section-full_width elementor-section-height-default elementor-section-height-default\" data-id=\"7ea5df73\" data-element_type=\"section\" data-e-type=\"section\" data-settings=\"{&quot;background_background&quot;:&quot;classic&quot;}\">\n\t\t\t\t\t\t\t<div class=\"elementor-background-overlay\"><\/div>\n\t\t\t\t\t\t\t<div class=\"elementor-container elementor-column-gap-default\">\n\t\t\t\t\t<div class=\"elementor-column elementor-col-100 elementor-top-column elementor-element elementor-element-f9ea6ee\" data-id=\"f9ea6ee\" data-element_type=\"column\" data-e-type=\"column\">\n\t\t\t<div class=\"elementor-widget-wrap elementor-element-populated\">\n\t\t\t\t\t\t<div class=\"elementor-element elementor-element-513b708a section_titre_basic elementor-widget elementor-widget-heading\" data-id=\"513b708a\" data-element_type=\"widget\" data-e-type=\"widget\" data-widget_type=\"heading.default\">\n\t\t\t\t<div class=\"elementor-widget-container\">\n\t\t\t\t\t<h1 class=\"elementor-heading-title elementor-size-default\">Notre programme environnemental<\/h1>\t\t\t\t<\/div>\n\t\t\t\t<\/div>\n\t\t\t\t\t<\/div>\n\t\t<\/div>\n\t\t\t\t\t<\/div>\n\t\t<\/section>\n\t\t\t\t<section class=\"elementor-section elementor-top-section elementor-element elementor-element-f112b31 elementor-section-boxed elementor-section-height-default elementor-section-height-default\" data-id=\"f112b31\" data-element_type=\"section\" data-e-type=\"section\" data-settings=\"{&quot;background_background&quot;:&quot;classic&quot;}\">\n\t\t\t\t\t\t<div class=\"elementor-container elementor-column-gap-default\">\n\t\t\t\t\t<div class=\"elementor-column elementor-col-100 elementor-top-column elementor-element elementor-element-606ad56\" data-id=\"606ad56\" data-element_type=\"column\" data-e-type=\"column\">\n\t\t\t<div class=\"elementor-widget-wrap elementor-element-populated\">\n\t\t\t\t\t\t<div class=\"elementor-element elementor-element-07671e5 elementor-widget elementor-widget-shortcode\" data-id=\"07671e5\" data-element_type=\"widget\" data-e-type=\"widget\" data-widget_type=\"shortcode.default\">\n\t\t\t\t<div class=\"elementor-widget-container\">\n\t\t\t\t\t\t\t<div class=\"elementor-shortcode\"><nav aria-label=\"breadcrumbs\">\n            <div class=\"breadcrumb-container theme1\">\n                <ol>\n                                    <\/ol>\n            <\/div>\n        <\/nav>    <script type=\"application\/ld+json\">\n        {\n            \"@context\": \"http:\/\/schema.org\",\n            \"@type\": \"BreadcrumbList\",\n            \"itemListElement\": [\n                            ]\n        }\n    <\/script>\n   \n    <script>\n            <\/script>\n<\/div>\n\t\t\t\t\t\t<\/div>\n\t\t\t\t<\/div>\n\t\t\t\t<div class=\"elementor-element elementor-element-ccb0cc0 elementor-widget elementor-widget-spacer\" data-id=\"ccb0cc0\" data-element_type=\"widget\" data-e-type=\"widget\" data-widget_type=\"spacer.default\">\n\t\t\t\t<div class=\"elementor-widget-container\">\n\t\t\t\t\t\t\t<div class=\"elementor-spacer\">\n\t\t\t<div class=\"elementor-spacer-inner\"><\/div>\n\t\t<\/div>\n\t\t\t\t\t\t<\/div>\n\t\t\t\t<\/div>\n\t\t\t\t<div class=\"elementor-element elementor-element-cff8bdc elementor-widget elementor-widget-heading\" data-id=\"cff8bdc\" data-element_type=\"widget\" data-e-type=\"widget\" data-widget_type=\"heading.default\">\n\t\t\t\t<div class=\"elementor-widget-container\">\n\t\t\t\t\t<h2 class=\"elementor-heading-title elementor-size-default\">CHARTE ENVIRONNEMENTALE<\/h2>\t\t\t\t<\/div>\n\t\t\t\t<\/div>\n\t\t\t\t<div class=\"elementor-element elementor-element-aabc303 elementor-widget elementor-widget-spacer\" data-id=\"aabc303\" data-element_type=\"widget\" data-e-type=\"widget\" data-widget_type=\"spacer.default\">\n\t\t\t\t<div class=\"elementor-widget-container\">\n\t\t\t\t\t\t\t<div class=\"elementor-spacer\">\n\t\t\t<div class=\"elementor-spacer-inner\"><\/div>\n\t\t<\/div>\n\t\t\t\t\t\t<\/div>\n\t\t\t\t<\/div>\n\t\t\t\t\t<\/div>\n\t\t<\/div>\n\t\t\t\t\t<\/div>\n\t\t<\/section>\n\t\t\t\t<section class=\"elementor-section elementor-top-section elementor-element elementor-element-7efe1e7 elementor-section-full_width elementor-section-height-default elementor-section-height-default\" data-id=\"7efe1e7\" data-element_type=\"section\" data-e-type=\"section\" data-settings=\"{&quot;background_background&quot;:&quot;classic&quot;}\">\n\t\t\t\t\t\t<div class=\"elementor-container elementor-column-gap-default\">\n\t\t\t\t\t<div class=\"elementor-column elementor-col-33 elementor-top-column elementor-element elementor-element-2b7eb21\" data-id=\"2b7eb21\" data-element_type=\"column\" data-e-type=\"column\">\n\t\t\t<div class=\"elementor-widget-wrap elementor-element-populated\">\n\t\t\t\t\t\t<div class=\"elementor-element elementor-element-e86cc1c elementor-widget elementor-widget-image\" data-id=\"e86cc1c\" data-element_type=\"widget\" data-e-type=\"widget\" data-widget_type=\"image.default\">\n\t\t\t\t<div class=\"elementor-widget-container\">\n\t\t\t\t\t\t\t\t\t\t\t\t\t\t\t<img fetchpriority=\"high\" decoding=\"async\" width=\"300\" height=\"300\" src=\"https:\/\/www.club-de-tir.fr\/wp-content\/uploads\/2023\/01\/Provence-shooting-club-logo-300x300.jpg\" class=\"attachment-medium size-medium wp-image-3018\" alt=\"Provence Shooting Club logo\" srcset=\"https:\/\/www.club-de-tir.fr\/wp-content\/uploads\/2023\/01\/Provence-shooting-club-logo-300x300.jpg 300w, https:\/\/www.club-de-tir.fr\/wp-content\/uploads\/2023\/01\/Provence-shooting-club-logo-150x150.jpg 150w, https:\/\/www.club-de-tir.fr\/wp-content\/uploads\/2023\/01\/Provence-shooting-club-logo-12x12.jpg 12w, https:\/\/www.club-de-tir.fr\/wp-content\/uploads\/2023\/01\/Provence-shooting-club-logo.jpg 319w\" sizes=\"(max-width: 300px) 100vw, 300px\" \/>\t\t\t\t\t\t\t\t\t\t\t\t\t\t\t<\/div>\n\t\t\t\t<\/div>\n\t\t\t\t\t<\/div>\n\t\t<\/div>\n\t\t\t\t<div class=\"elementor-column elementor-col-33 elementor-top-column elementor-element elementor-element-91c34fe\" data-id=\"91c34fe\" data-element_type=\"column\" data-e-type=\"column\" data-settings=\"{&quot;background_background&quot;:&quot;classic&quot;}\">\n\t\t\t<div class=\"elementor-widget-wrap elementor-element-populated\">\n\t\t\t\t\t\t<div class=\"elementor-element elementor-element-eab85c6 elementor-widget elementor-widget-text-editor\" data-id=\"eab85c6\" data-element_type=\"widget\" data-e-type=\"widget\" data-widget_type=\"text-editor.default\">\n\t\t\t\t<div class=\"elementor-widget-container\">\n\t\t\t\t\t\t\t\t\t<p>Parmi les valeurs du club, il y en a une \u00e0 laquelle l\u2019association Club Provence Tir est particuli\u00e8rement attach\u00e9e.<\/p>\n<p><\/p>\n<p>En effet, le respect de l\u2019environnement est au c\u0153ur des <strong>pr\u00e9occupations de l\u2019association<\/strong>.<\/p>\n<p>C\u2019est ainsi qu\u2019elle s\u2019est engag\u00e9e dans une <strong>charte environnementale<\/strong> finement pens\u00e9e et qu\u2019elle met en avant sur les installations du <strong>stand OUTDOOR, Provence Shooting Club<\/strong>.<\/p>\n<p><\/p>\n<p>Chez Provence Shooting Club, Experience center, l&rsquo;objectif est de <strong>pratiquer nos disciplines sportives dans le respect de l\u2019environnement<\/strong>.<\/p>\n<p>Notre but est d\u2019int\u00e9grer de <strong>bonnes pratiques<\/strong> dans nos gestes du quotidien et de <strong>r\u00e9duire l\u2019impact environnemental<\/strong> li\u00e9 \u00e0 la pratique du tir sportif.<\/p>\n<p><\/p>\n<p>Convaincus de l\u2019importance de notre <strong>engagement<\/strong>, nous avons men\u00e9 des r\u00e9flexions sur l\u2019impact de chacune de nos actions et souhaitons offrir le cadre le plus sain et agr\u00e9able possible \u00e0 nos adh\u00e9rents, sans oublier nos amis canins qui sont les bienvenus et pour lesquels nous avons mis en place un \u00ab\u00a0toutous bar\u00a0\u00bb.<\/p><p><br><\/p>\n<p><\/p>\n<p>C\u2019est pourquoi, nous sommes engag\u00e9s sur un<strong> programme \u00e9co-responsable<\/strong> :<\/p>\n<ul>\n<li><strong>D\u00e9pollution<\/strong> int\u00e9rieure et ext\u00e9rieure du site<\/li>\n<li><strong>Recyclage<\/strong> de nos d\u00e9chets et des d\u00e9chets issus du tir \u267b\ufe0f<\/li>\n<li>Centre de <strong>traitement<\/strong> pour les douilles usag\u00e9es<\/li>\n<li>Am\u00e9nagements d\u2019<strong>espaces verts<\/strong><\/li>\n<li>Mise en place de corridors de v\u00e9g\u00e9tation non exploit\u00e9e et non tondue pour favoriser le <strong>d\u00e9veloppement naturel<\/strong> et la reproduction de la faune et de la flore locale<\/li>\n<li>Plantation de 500<strong> plantes<\/strong> de vari\u00e9t\u00e9s diff\u00e9rentes \ud83e\udeb4<\/li>\n<li><strong>Respect <\/strong>de la <strong>biodiversit\u00e9<\/strong> avec la cr\u00e9ation de zones favorisant la pollinisation et de zones \u00e9cologiques refuges<\/li>\n<li><strong>Limitation <\/strong>de l\u2019utilisation de produits phytosanitaires et de pesticides<\/li>\n<li>Harmonisation de nos installations par le biais de la <strong>v\u00e9g\u00e9talisation<\/strong> pour se fondre dans le paysage \ud83c\udf31<\/li>\n<li>Mise en place de <strong>points d\u2019eaux<\/strong> pour la faune<\/li>\n<li>Utilisation de plateaux LAPORTE <strong>biod\u00e9gradables<\/strong> avec z\u00e9ro PAH et de cibles en r\u00e9sine <strong>100% naturelle<\/strong> pour le ball-trap. Ces plateaux sont con\u00e7us et brevet\u00e9s pour donner une exp\u00e9rience t\u00e9l\u00e9g\u00e9nique plus dynamique. Compos\u00e9s en r\u00e9sine naturelle, ils permettent de pratiquer la discipline dans une dynamique \u00e9cologique. Les cibles conservent \u00e9galement toutes les caract\u00e9ristiques structurelles d&rsquo;une cible standard et r\u00e9pondent aux normes exigeantes, ainsi qu&rsquo;aux attentes des tireurs accomplis. <br><\/li>\n<li><strong>Collecte <\/strong>de bois morts pour le chauffage<\/li>\n<li>R\u00e9duction de la consommation des eaux gr\u00e2ce \u00e0 un dispositif de <strong>r\u00e9cup\u00e9ration<\/strong> des <strong>eaux de pluie<\/strong> pour l\u2019<strong>arrosage<\/strong> des plantations<\/li>\n<li>Installation d\u2019un <strong>\u00e9clairage basse consommation<\/strong> sur tout le site<\/li>\n<\/ul>\n<p><br><\/p>\n<p>Gr\u00e2ce \u00e0 toutes ces mesures, nous sommes fiers de pr\u00e9server l\u2019environnement ainsi que la sant\u00e9 de nos adh\u00e9rents, de nos tireurs sportifs, de nos \u00e9quipes d\u2019encadrement et de formation sur le site <strong>Provence Shooting Club<\/strong> et d\u2019inscrire la<strong> pr\u00e9servation de l\u2019environnement<\/strong> comme l\u2019une de nos <strong>valeurs fondamentales<\/strong>.<\/p>\t\t\t\t\t\t\t\t<\/div>\n\t\t\t\t<\/div>\n\t\t\t\t<div class=\"elementor-element elementor-element-f725633 elementor-widget elementor-widget-spacer\" data-id=\"f725633\" data-element_type=\"widget\" data-e-type=\"widget\" data-widget_type=\"spacer.default\">\n\t\t\t\t<div class=\"elementor-widget-container\">\n\t\t\t\t\t\t\t<div class=\"elementor-spacer\">\n\t\t\t<div class=\"elementor-spacer-inner\"><\/div>\n\t\t<\/div>\n\t\t\t\t\t\t<\/div>\n\t\t\t\t<\/div>\n\t\t\t\t\t<\/div>\n\t\t<\/div>\n\t\t\t\t<div class=\"elementor-column elementor-col-33 elementor-top-column elementor-element elementor-element-d01f3fd\" data-id=\"d01f3fd\" data-element_type=\"column\" data-e-type=\"column\">\n\t\t\t<div class=\"elementor-widget-wrap elementor-element-populated\">\n\t\t\t\t\t\t<div class=\"elementor-element elementor-element-01b59d0 e-transform elementor-widget elementor-widget-image\" data-id=\"01b59d0\" data-element_type=\"widget\" data-e-type=\"widget\" data-settings=\"{&quot;_transform_rotateZ_effect&quot;:{&quot;unit&quot;:&quot;px&quot;,&quot;size&quot;:&quot;&quot;,&quot;sizes&quot;:[]},&quot;_transform_rotateZ_effect_tablet&quot;:{&quot;unit&quot;:&quot;deg&quot;,&quot;size&quot;:&quot;&quot;,&quot;sizes&quot;:[]},&quot;_transform_rotateZ_effect_mobile&quot;:{&quot;unit&quot;:&quot;deg&quot;,&quot;size&quot;:&quot;&quot;,&quot;sizes&quot;:[]}}\" data-widget_type=\"image.default\">\n\t\t\t\t<div class=\"elementor-widget-container\">\n\t\t\t\t\t\t\t\t\t\t\t\t\t\t\t<img decoding=\"async\" width=\"300\" height=\"300\" src=\"https:\/\/www.club-de-tir.fr\/wp-content\/uploads\/2022\/02\/LOGOS-PT_full-asso-stand-dark-300x300.png\" class=\"attachment-medium size-medium wp-image-968\" alt=\"LOGOS-PT-asso-stand-dark\" srcset=\"https:\/\/www.club-de-tir.fr\/wp-content\/uploads\/2022\/02\/LOGOS-PT_full-asso-stand-dark-300x300.png 300w, https:\/\/www.club-de-tir.fr\/wp-content\/uploads\/2022\/02\/LOGOS-PT_full-asso-stand-dark-1024x1024.png 1024w, https:\/\/www.club-de-tir.fr\/wp-content\/uploads\/2022\/02\/LOGOS-PT_full-asso-stand-dark-150x150.png 150w, https:\/\/www.club-de-tir.fr\/wp-content\/uploads\/2022\/02\/LOGOS-PT_full-asso-stand-dark-768x767.png 768w, https:\/\/www.club-de-tir.fr\/wp-content\/uploads\/2022\/02\/LOGOS-PT_full-asso-stand-dark-12x12.png 12w, https:\/\/www.club-de-tir.fr\/wp-content\/uploads\/2022\/02\/LOGOS-PT_full-asso-stand-dark.png 1251w\" sizes=\"(max-width: 300px) 100vw, 300px\" \/>\t\t\t\t\t\t\t\t\t\t\t\t\t\t\t<\/div>\n\t\t\t\t<\/div>\n\t\t\t\t\t<\/div>\n\t\t<\/div>\n\t\t\t\t\t<\/div>\n\t\t<\/section>\n\t\t\t\t<section class=\"elementor-section elementor-top-section elementor-element elementor-element-9a302b8 elementor-section-boxed elementor-section-height-default elementor-section-height-default\" data-id=\"9a302b8\" data-element_type=\"section\" data-e-type=\"section\" data-settings=\"{&quot;background_background&quot;:&quot;classic&quot;}\">\n\t\t\t\t\t\t<div class=\"elementor-container elementor-column-gap-default\">\n\t\t\t\t\t<div class=\"elementor-column elementor-col-100 elementor-top-column elementor-element elementor-element-3e3bee0\" data-id=\"3e3bee0\" data-element_type=\"column\" data-e-type=\"column\">\n\t\t\t<div class=\"elementor-widget-wrap elementor-element-populated\">\n\t\t\t\t\t\t<div class=\"elementor-element elementor-element-87c60b0 elementor--h-position-center elementor--v-position-middle elementor-arrows-position-inside elementor-pagination-position-inside elementor-widget elementor-widget-slides\" data-id=\"87c60b0\" data-element_type=\"widget\" data-e-type=\"widget\" data-settings=\"{&quot;navigation&quot;:&quot;both&quot;,&quot;autoplay&quot;:&quot;yes&quot;,&quot;pause_on_hover&quot;:&quot;yes&quot;,&quot;pause_on_interaction&quot;:&quot;yes&quot;,&quot;autoplay_speed&quot;:5000,&quot;infinite&quot;:&quot;yes&quot;,&quot;transition&quot;:&quot;slide&quot;,&quot;transition_speed&quot;:500}\" data-widget_type=\"slides.default\">\n\t\t\t\t<div class=\"elementor-widget-container\">\n\t\t\t\t\t\t\t\t\t<div class=\"elementor-swiper\">\n\t\t\t\t\t<div class=\"elementor-slides-wrapper elementor-main-swiper swiper\" role=\"region\" aria-roledescription=\"carousel\" aria-label=\"Diapositives\" dir=\"ltr\" data-animation=\"fadeInUp\">\n\t\t\t\t<div class=\"swiper-wrapper elementor-slides\">\n\t\t\t\t\t\t\t\t\t\t<div class=\"elementor-repeater-item-fc63772 swiper-slide\" role=\"group\" aria-roledescription=\"slide\"><div class=\"swiper-slide-bg\" role=\"img\" aria-label=\"Plateaux R\u00e9sine Ball Trap LAPORTE\"><\/div><div class=\"swiper-slide-inner\" ><div class=\"swiper-slide-contents\"><\/div><\/div><\/div><div class=\"elementor-repeater-item-f9ff5ac swiper-slide\" role=\"group\" aria-roledescription=\"slide\"><div class=\"swiper-slide-bg\" role=\"img\" aria-label=\"Plateaux stand Ball Trap Provence Shooting Club\"><\/div><div class=\"swiper-slide-inner\" ><div class=\"swiper-slide-contents\"><\/div><\/div><\/div><div class=\"elementor-repeater-item-af3ba97 swiper-slide\" role=\"group\" aria-roledescription=\"slide\"><div class=\"swiper-slide-bg\" role=\"img\" aria-label=\"stand ball trap outdoor\"><\/div><div class=\"swiper-slide-inner\" ><div class=\"swiper-slide-contents\"><\/div><\/div><\/div><div class=\"elementor-repeater-item-600af3b swiper-slide\" role=\"group\" aria-roledescription=\"slide\"><div class=\"swiper-slide-bg\" role=\"img\" aria-label=\"Stand Ball Trap PSC\"><\/div><div class=\"swiper-slide-inner\" ><div class=\"swiper-slide-contents\"><\/div><\/div><\/div><div class=\"elementor-repeater-item-9ff6bc8 swiper-slide\" role=\"group\" aria-roledescription=\"slide\"><div class=\"swiper-slide-bg\" role=\"img\" aria-label=\"PSC vue sainte victoire\"><\/div><div class=\"swiper-slide-inner\" ><div class=\"swiper-slide-contents\"><\/div><\/div><\/div><div class=\"elementor-repeater-item-2c41a7b swiper-slide\" role=\"group\" aria-roledescription=\"slide\"><div class=\"swiper-slide-bg\" role=\"img\" aria-label=\"Environnement Stand Arbois\"><\/div><div class=\"swiper-slide-inner\" ><div class=\"swiper-slide-contents\"><\/div><\/div><\/div><div class=\"elementor-repeater-item-3291ba4 swiper-slide\" role=\"group\" aria-roledescription=\"slide\"><div class=\"swiper-slide-bg\" role=\"img\" aria-label=\"Stands Provence Shooting Club\"><\/div><div class=\"swiper-slide-inner\" ><div class=\"swiper-slide-contents\"><\/div><\/div><\/div><div class=\"elementor-repeater-item-d8af39e swiper-slide\" role=\"group\" aria-roledescription=\"slide\"><div class=\"swiper-slide-bg\" role=\"img\" aria-label=\"stand provence shooting club sainte victoire\"><\/div><div class=\"swiper-slide-inner\" ><div class=\"swiper-slide-contents\"><\/div><\/div><\/div><div class=\"elementor-repeater-item-e05f312 swiper-slide\" role=\"group\" aria-roledescription=\"slide\"><div class=\"swiper-slide-bg\" role=\"img\" aria-label=\"provence shooting club stands ball trap\"><\/div><div class=\"swiper-slide-inner\" ><div class=\"swiper-slide-contents\"><\/div><\/div><\/div><div class=\"elementor-repeater-item-fd0e1fb swiper-slide\" role=\"group\" aria-roledescription=\"slide\"><div class=\"swiper-slide-bg\" role=\"img\" aria-label=\"ext\u00e9rieur stand provence shooting club\"><\/div><div class=\"swiper-slide-inner\" ><div class=\"swiper-slide-contents\"><\/div><\/div><\/div>\t\t\t\t<\/div>\n\t\t\t\t\t\t\t\t\t\t\t\t\t\t\t<div class=\"elementor-swiper-button elementor-swiper-button-prev\" role=\"button\" tabindex=\"0\" aria-label=\"Diapositive pr\u00e9c\u00e9dente\">\n\t\t\t\t\t\t\t<i aria-hidden=\"true\" class=\"eicon-chevron-left\"><\/i>\t\t\t\t\t\t<\/div>\n\t\t\t\t\t\t<div class=\"elementor-swiper-button elementor-swiper-button-next\" role=\"button\" tabindex=\"0\" aria-label=\"Diapositive suivante\">\n\t\t\t\t\t\t\t<i aria-hidden=\"true\" class=\"eicon-chevron-right\"><\/i>\t\t\t\t\t\t<\/div>\n\t\t\t\t\t\t\t\t\t\t\t\t\t\t\t\t<div class=\"swiper-pagination\"><\/div>\n\t\t\t\t\t\t\t\t\t\t\t\t<\/div>\n\t\t\t\t<\/div>\n\t\t\t\t\t\t\t\t<\/div>\n\t\t\t\t<\/div>\n\t\t\t\t<div class=\"elementor-element elementor-element-0356f9a elementor-widget elementor-widget-spacer\" data-id=\"0356f9a\" data-element_type=\"widget\" data-e-type=\"widget\" data-widget_type=\"spacer.default\">\n\t\t\t\t<div class=\"elementor-widget-container\">\n\t\t\t\t\t\t\t<div class=\"elementor-spacer\">\n\t\t\t<div class=\"elementor-spacer-inner\"><\/div>\n\t\t<\/div>\n\t\t\t\t\t\t<\/div>\n\t\t\t\t<\/div>\n\t\t\t\t\t<\/div>\n\t\t<\/div>\n\t\t\t\t\t<\/div>\n\t\t<\/section>\n\t\t\t\t<\/div>\n\t\t","protected":false},"excerpt":{"rendered":"<p>CHARTE ENVIRONNEMENTALE Parmi les valeurs du club, il y en a une \u00e0 laquelle l\u2019association Club Provence Tir est particuli\u00e8rement attach\u00e9e. En effet, le respect de l\u2019environnement est au c\u0153ur des pr\u00e9occupations de l\u2019association. C\u2019est ainsi qu\u2019elle s\u2019est engag\u00e9e dans une charte environnementale finement pens\u00e9e et qu\u2019elle met en avant sur les installations du stand [&hellip;]<\/p>\n","protected":false},"author":2,"featured_media":0,"parent":1223,"menu_order":0,"comment_status":"closed","ping_status":"closed","template":"","meta":{"_acf_changed":false,"_eb_attr":"","om_disable_all_campaigns":false,"_monsterinsights_skip_tracking":false,"_monsterinsights_sitenote_active":false,"_monsterinsights_sitenote_note":"","_monsterinsights_sitenote_category":0,"footnotes":""},"class_list":["post-3558","page","type-page","status-publish","hentry"],"acf":[],"aioseo_notices":[],"_links":{"self":[{"href":"https:\/\/www.club-de-tir.fr\/en\/wp-json\/wp\/v2\/pages\/3558","targetHints":{"allow":["GET"]}}],"collection":[{"href":"https:\/\/www.club-de-tir.fr\/en\/wp-json\/wp\/v2\/pages"}],"about":[{"href":"https:\/\/www.club-de-tir.fr\/en\/wp-json\/wp\/v2\/types\/page"}],"author":[{"embeddable":true,"href":"https:\/\/www.club-de-tir.fr\/en\/wp-json\/wp\/v2\/users\/2"}],"replies":[{"embeddable":true,"href":"https:\/\/www.club-de-tir.fr\/en\/wp-json\/wp\/v2\/comments?post=3558"}],"version-history":[{"count":94,"href":"https:\/\/www.club-de-tir.fr\/en\/wp-json\/wp\/v2\/pages\/3558\/revisions"}],"predecessor-version":[{"id":4181,"href":"https:\/\/www.club-de-tir.fr\/en\/wp-json\/wp\/v2\/pages\/3558\/revisions\/4181"}],"up":[{"embeddable":true,"href":"https:\/\/www.club-de-tir.fr\/en\/wp-json\/wp\/v2\/pages\/1223"}],"wp:attachment":[{"href":"https:\/\/www.club-de-tir.fr\/en\/wp-json\/wp\/v2\/media?parent=3558"}],"curies":[{"name":"wp","href":"https:\/\/api.w.org\/{rel}","templated":true}]}}