{"id":2286,"date":"2022-04-06T15:25:46","date_gmt":"2022-04-06T13:25:46","guid":{"rendered":"https:\/\/www.club-de-tir.fr\/?page_id=2286"},"modified":"2024-08-14T09:47:26","modified_gmt":"2024-08-14T07:47:26","slug":"vos-interrogations","status":"publish","type":"page","link":"https:\/\/www.club-de-tir.fr\/en\/your-inquieres\/","title":{"rendered":"Inquieres"},"content":{"rendered":"\t\t<div data-elementor-type=\"wp-page\" data-elementor-id=\"2286\" class=\"elementor elementor-2286\" data-elementor-post-type=\"page\">\n\t\t\t\t\t\t<section class=\"elementor-section elementor-top-section elementor-element elementor-element-7dff9ca8 elementor-section-full_width elementor-section-height-default elementor-section-height-default\" data-id=\"7dff9ca8\" data-element_type=\"section\" data-e-type=\"section\" data-settings=\"{&quot;background_background&quot;:&quot;classic&quot;}\">\n\t\t\t\t\t\t\t<div class=\"elementor-background-overlay\"><\/div>\n\t\t\t\t\t\t\t<div class=\"elementor-container elementor-column-gap-default\">\n\t\t\t\t\t<div class=\"elementor-column elementor-col-100 elementor-top-column elementor-element elementor-element-7ca5da73\" data-id=\"7ca5da73\" data-element_type=\"column\" data-e-type=\"column\">\n\t\t\t<div class=\"elementor-widget-wrap elementor-element-populated\">\n\t\t\t\t\t\t<div class=\"elementor-element elementor-element-343cfb25 section_titre_basic elementor-widget elementor-widget-heading\" data-id=\"343cfb25\" data-element_type=\"widget\" data-e-type=\"widget\" data-widget_type=\"heading.default\">\n\t\t\t\t<div class=\"elementor-widget-container\">\n\t\t\t\t\t<h1 class=\"elementor-heading-title elementor-size-default\">VOS INTERROGATIONS<\/h1>\t\t\t\t<\/div>\n\t\t\t\t<\/div>\n\t\t\t\t\t<\/div>\n\t\t<\/div>\n\t\t\t\t\t<\/div>\n\t\t<\/section>\n\t\t\t\t<section class=\"elementor-section elementor-top-section elementor-element elementor-element-937832c elementor-section-boxed elementor-section-height-default elementor-section-height-default\" data-id=\"937832c\" data-element_type=\"section\" data-e-type=\"section\" data-settings=\"{&quot;background_background&quot;:&quot;classic&quot;}\">\n\t\t\t\t\t\t<div class=\"elementor-container elementor-column-gap-default\">\n\t\t\t\t\t<div class=\"elementor-column elementor-col-100 elementor-top-column elementor-element elementor-element-acb6bab\" data-id=\"acb6bab\" data-element_type=\"column\" data-e-type=\"column\">\n\t\t\t<div class=\"elementor-widget-wrap elementor-element-populated\">\n\t\t\t\t\t\t<div class=\"elementor-element elementor-element-6a2c070 elementor-widget elementor-widget-shortcode\" data-id=\"6a2c070\" data-element_type=\"widget\" data-e-type=\"widget\" data-widget_type=\"shortcode.default\">\n\t\t\t\t<div class=\"elementor-widget-container\">\n\t\t\t\t\t\t\t<div class=\"elementor-shortcode\"><nav aria-label=\"breadcrumbs\">\n            <div class=\"breadcrumb-container theme1\">\n                <ol>\n                                    <\/ol>\n            <\/div>\n        <\/nav>    <script type=\"application\/ld+json\">\n        {\n            \"@context\": \"http:\/\/schema.org\",\n            \"@type\": \"BreadcrumbList\",\n            \"itemListElement\": [\n                            ]\n        }\n    <\/script>\n   \n    <script>\n            <\/script>\n<\/div>\n\t\t\t\t\t\t<\/div>\n\t\t\t\t<\/div>\n\t\t\t\t<div class=\"elementor-element elementor-element-5b39833 elementor-widget elementor-widget-spacer\" data-id=\"5b39833\" data-element_type=\"widget\" data-e-type=\"widget\" data-widget_type=\"spacer.default\">\n\t\t\t\t<div class=\"elementor-widget-container\">\n\t\t\t\t\t\t\t<div class=\"elementor-spacer\">\n\t\t\t<div class=\"elementor-spacer-inner\"><\/div>\n\t\t<\/div>\n\t\t\t\t\t\t<\/div>\n\t\t\t\t<\/div>\n\t\t\t\t<div class=\"elementor-element elementor-element-f4a95bb elementor-widget elementor-widget-heading\" data-id=\"f4a95bb\" data-element_type=\"widget\" data-e-type=\"widget\" data-widget_type=\"heading.default\">\n\t\t\t\t<div class=\"elementor-widget-container\">\n\t\t\t\t\t<h2 class=\"elementor-heading-title elementor-size-default\">FORMALIT\u00c9S<\/h2>\t\t\t\t<\/div>\n\t\t\t\t<\/div>\n\t\t\t\t<div class=\"elementor-element elementor-element-e721046 elementor-widget elementor-widget-toggle\" data-id=\"e721046\" data-element_type=\"widget\" data-e-type=\"widget\" data-widget_type=\"toggle.default\">\n\t\t\t\t<div class=\"elementor-widget-container\">\n\t\t\t\t\t\t\t<div class=\"elementor-toggle\">\n\t\t\t\t\t\t\t<div class=\"elementor-toggle-item\">\n\t\t\t\t\t<div id=\"elementor-tab-title-2421\" class=\"elementor-tab-title\" data-tab=\"1\" role=\"button\" aria-controls=\"elementor-tab-content-2421\" aria-expanded=\"false\">\n\t\t\t\t\t\t\t\t\t\t\t\t<span class=\"elementor-toggle-icon elementor-toggle-icon-left\" aria-hidden=\"true\">\n\t\t\t\t\t\t\t\t\t\t\t\t\t\t\t<span class=\"elementor-toggle-icon-closed\"><i class=\"fas fa-caret-right\"><\/i><\/span>\n\t\t\t\t\t\t\t\t<span class=\"elementor-toggle-icon-opened\"><i class=\"elementor-toggle-icon-opened fas fa-caret-up\"><\/i><\/span>\n\t\t\t\t\t\t\t\t\t\t\t\t\t<\/span>\n\t\t\t\t\t\t\t\t\t\t\t\t<a class=\"elementor-toggle-title\" tabindex=\"0\">QUELS DOCUMENTS FAUT-IL FOURNIR POUR POUVOIR S\u2019INSCRIRE \u00c0 VOTRE CLUB DE TIR ?<\/a>\n\t\t\t\t\t<\/div>\n\n\t\t\t\t\t<div id=\"elementor-tab-content-2421\" class=\"elementor-tab-content elementor-clearfix\" data-tab=\"1\" role=\"region\" aria-labelledby=\"elementor-tab-title-2421\"><p>Pour vous inscrire<sup>*<\/sup> \u00e0 notre club de tir agr\u00e9\u00e9 <em>F\u00e9d\u00e9ration Fran\u00e7aise de Tir<\/em> pour une saison de tir qui d\u00e9bute le 1<sup>er<\/sup>\u00a0Septembre et se termine le 30 Septembre de l\u2019ann\u00e9e suivante, nous vous demandons\u00a0:<\/p><ul><li>1 pi\u00e8ce d\u2019identit\u00e9 ou 1 passeport valide<\/li><li>1 certificat m\u00e9dical FFTIR \u00e0 faire remplir, signer et tamponner par votre m\u00e9decin traitant\u00a0 (aptitude \u00e0 la pratique du tir sportif)<\/li><li>1 photo\u00a0d\u2019identit\u00e9 r\u00e9cente<\/li><\/ul><p><strong><em>* Chaque inscription est soumise \u00e0 la validation de notre comit\u00e9 directeur.<\/em><\/strong><\/p><\/div>\n\t\t\t\t<\/div>\n\t\t\t\t\t\t\t<div class=\"elementor-toggle-item\">\n\t\t\t\t\t<div id=\"elementor-tab-title-2422\" class=\"elementor-tab-title\" data-tab=\"2\" role=\"button\" aria-controls=\"elementor-tab-content-2422\" aria-expanded=\"false\">\n\t\t\t\t\t\t\t\t\t\t\t\t<span class=\"elementor-toggle-icon elementor-toggle-icon-left\" aria-hidden=\"true\">\n\t\t\t\t\t\t\t\t\t\t\t\t\t\t\t<span class=\"elementor-toggle-icon-closed\"><i class=\"fas fa-caret-right\"><\/i><\/span>\n\t\t\t\t\t\t\t\t<span class=\"elementor-toggle-icon-opened\"><i class=\"elementor-toggle-icon-opened fas fa-caret-up\"><\/i><\/span>\n\t\t\t\t\t\t\t\t\t\t\t\t\t<\/span>\n\t\t\t\t\t\t\t\t\t\t\t\t<a class=\"elementor-toggle-title\" tabindex=\"0\">JE N\u2019AI JAMAIS \u00c9T\u00c9 INSCRIT \u00c0 UN CLUB DE TIR, QUEL EST LE CO\u00dbT D\u2019INSCRIPTION POUR UNE PREMI\u00c8RE SAISON DE TIR ?<\/a>\n\t\t\t\t\t<\/div>\n\n\t\t\t\t\t<div id=\"elementor-tab-content-2422\" class=\"elementor-tab-content elementor-clearfix\" data-tab=\"2\" role=\"region\" aria-labelledby=\"elementor-tab-title-2422\"><p>Le co\u00fbt global pour votre <strong>premi\u00e8re saison<\/strong> de tir \u00e0 notre club de tir agr\u00e9\u00e9 <strong><em>FFTir<\/em><\/strong> se d\u00e9compose ainsi :<\/p><ul><li>le droit d\u2019entr\u00e9e (<span style=\"text-decoration: underline;\">pour la 1\u00e8re ann\u00e9e d\u2019inscription<\/span>) : 200 \u20ac<\/li><li>la cotisation annuelle du club\u00a0: 200 \u20ac<\/li><li>la licence FFT : 100 \u20ac<\/li><\/ul><p>Soit un co\u00fbt total pour une premi\u00e8re saison de tir de 500 \u20ac, la bonne nouvelle \u00e9tant que si vous renouvelez votre inscription l\u2019ann\u00e9e suivante vous faites une <strong>\u00e9conomie de 200 \u20ac<\/strong> car vous n\u2019aurez plus \u00e0 vous acquitter du droit d\u2019entr\u00e9e !<\/p><\/div>\n\t\t\t\t<\/div>\n\t\t\t\t\t\t\t<div class=\"elementor-toggle-item\">\n\t\t\t\t\t<div id=\"elementor-tab-title-2423\" class=\"elementor-tab-title\" data-tab=\"3\" role=\"button\" aria-controls=\"elementor-tab-content-2423\" aria-expanded=\"false\">\n\t\t\t\t\t\t\t\t\t\t\t\t<span class=\"elementor-toggle-icon elementor-toggle-icon-left\" aria-hidden=\"true\">\n\t\t\t\t\t\t\t\t\t\t\t\t\t\t\t<span class=\"elementor-toggle-icon-closed\"><i class=\"fas fa-caret-right\"><\/i><\/span>\n\t\t\t\t\t\t\t\t<span class=\"elementor-toggle-icon-opened\"><i class=\"elementor-toggle-icon-opened fas fa-caret-up\"><\/i><\/span>\n\t\t\t\t\t\t\t\t\t\t\t\t\t<\/span>\n\t\t\t\t\t\t\t\t\t\t\t\t<a class=\"elementor-toggle-title\" tabindex=\"0\">PUIS-JE FAIRE TAMPONNER MON CARNET D'ASSIDUITE AU SEIN DE VOTRE CLUB ?<\/a>\n\t\t\t\t\t<\/div>\n\n\t\t\t\t\t<div id=\"elementor-tab-content-2423\" class=\"elementor-tab-content elementor-clearfix\" data-tab=\"3\" role=\"region\" aria-labelledby=\"elementor-tab-title-2423\"><p>Oui bien s\u00fbr (sous r\u00e9serve de disponibilit\u00e9 d&rsquo;un stand de tir). L\u2019acc\u00e8s au pas de tir est de 30 \u20ac <strong>pour les\u00a0non adh\u00e9rents au club<\/strong> et la validation de votre carnet d&rsquo;assiduit\u00e9, qui correspond \u00e0 un tampon (s\u00e9ance contr\u00f4l\u00e9e), est de 25 \u20ac <strong>pour les non adh\u00e9rents au club<\/strong>. Il faut imp\u00e9rativement que votre licence <em>FFTir<\/em> soit <strong>\u00e0 jour dans EDEN<\/strong>.<\/p><\/div>\n\t\t\t\t<\/div>\n\t\t\t\t\t\t\t<div class=\"elementor-toggle-item\">\n\t\t\t\t\t<div id=\"elementor-tab-title-2424\" class=\"elementor-tab-title\" data-tab=\"4\" role=\"button\" aria-controls=\"elementor-tab-content-2424\" aria-expanded=\"false\">\n\t\t\t\t\t\t\t\t\t\t\t\t<span class=\"elementor-toggle-icon elementor-toggle-icon-left\" aria-hidden=\"true\">\n\t\t\t\t\t\t\t\t\t\t\t\t\t\t\t<span class=\"elementor-toggle-icon-closed\"><i class=\"fas fa-caret-right\"><\/i><\/span>\n\t\t\t\t\t\t\t\t<span class=\"elementor-toggle-icon-opened\"><i class=\"elementor-toggle-icon-opened fas fa-caret-up\"><\/i><\/span>\n\t\t\t\t\t\t\t\t\t\t\t\t\t<\/span>\n\t\t\t\t\t\t\t\t\t\t\t\t<a class=\"elementor-toggle-title\" tabindex=\"0\">AVEC QUELLE(S) ARME(S) PEUT-ON TIRER AU SEIN DE VOTRE CLUB DE TIR ?<\/a>\n\t\t\t\t\t<\/div>\n\n\t\t\t\t\t<div id=\"elementor-tab-content-2424\" class=\"elementor-tab-content elementor-clearfix\" data-tab=\"4\" role=\"region\" aria-labelledby=\"elementor-tab-title-2424\"><p>Vous pouvez tirer principalement avec des armes de poing, c\u2019est \u00e0 dire des pistolets et des revolvers de marques, de mod\u00e8les et de calibres diff\u00e9rents.<\/p><p>Nous disposons \u00e9galement d&rsquo;armes d&rsquo;\u00e9paule en calibre d&rsquo;arme de poing. (principalement 9mm &amp; 22lr)<\/p><\/div>\n\t\t\t\t<\/div>\n\t\t\t\t\t\t\t<div class=\"elementor-toggle-item\">\n\t\t\t\t\t<div id=\"elementor-tab-title-2425\" class=\"elementor-tab-title\" data-tab=\"5\" role=\"button\" aria-controls=\"elementor-tab-content-2425\" aria-expanded=\"false\">\n\t\t\t\t\t\t\t\t\t\t\t\t<span class=\"elementor-toggle-icon elementor-toggle-icon-left\" aria-hidden=\"true\">\n\t\t\t\t\t\t\t\t\t\t\t\t\t\t\t<span class=\"elementor-toggle-icon-closed\"><i class=\"fas fa-caret-right\"><\/i><\/span>\n\t\t\t\t\t\t\t\t<span class=\"elementor-toggle-icon-opened\"><i class=\"elementor-toggle-icon-opened fas fa-caret-up\"><\/i><\/span>\n\t\t\t\t\t\t\t\t\t\t\t\t\t<\/span>\n\t\t\t\t\t\t\t\t\t\t\t\t<a class=\"elementor-toggle-title\" tabindex=\"0\">QUAND EST-CE QUE VOTRE CLUB EST OUVERT ? <\/a>\n\t\t\t\t\t<\/div>\n\n\t\t\t\t\t<div id=\"elementor-tab-content-2425\" class=\"elementor-tab-content elementor-clearfix\" data-tab=\"5\" role=\"region\" aria-labelledby=\"elementor-tab-title-2425\"><p><em><strong>Club Provence Tir :<\/strong><\/em> ouvert au public du <strong>mardi<\/strong> au <strong>samedi<\/strong> de <strong>9h \u00e0 12h<\/strong> et de <strong>14h \u00e0 19h<\/strong>. Du mardi au vendredi, le club accueille diff\u00e9rentes administrations.<\/p><p><em><strong>Provence Shooting Club :<\/strong><\/em> ouvert aux tireurs les <strong>samedi<\/strong>, <strong>dimanche<\/strong> et <strong>jours f\u00e9ri\u00e9s<\/strong> de<strong> 9h \u00e0 18h<\/strong>. <br \/>Permanence du <strong>lundi<\/strong> au <strong>vendredi<\/strong> de <strong>8h \u00e0 17h<\/strong>. <span style=\"color: #ff0000;\">PAS DE TIR EN SEMAINE.<\/span><\/p><\/div>\n\t\t\t\t<\/div>\n\t\t\t\t\t\t\t<div class=\"elementor-toggle-item\">\n\t\t\t\t\t<div id=\"elementor-tab-title-2426\" class=\"elementor-tab-title\" data-tab=\"6\" role=\"button\" aria-controls=\"elementor-tab-content-2426\" aria-expanded=\"false\">\n\t\t\t\t\t\t\t\t\t\t\t\t<span class=\"elementor-toggle-icon elementor-toggle-icon-left\" aria-hidden=\"true\">\n\t\t\t\t\t\t\t\t\t\t\t\t\t\t\t<span class=\"elementor-toggle-icon-closed\"><i class=\"fas fa-caret-right\"><\/i><\/span>\n\t\t\t\t\t\t\t\t<span class=\"elementor-toggle-icon-opened\"><i class=\"elementor-toggle-icon-opened fas fa-caret-up\"><\/i><\/span>\n\t\t\t\t\t\t\t\t\t\t\t\t\t<\/span>\n\t\t\t\t\t\t\t\t\t\t\t\t<a class=\"elementor-toggle-title\" tabindex=\"0\">EN TANT QUE LICENCI\u00c9 EXT\u00c9RIEUR, PUIS-JE VENIR TIRER AU SEIN DE VOTRE CLUB ?<\/a>\n\t\t\t\t\t<\/div>\n\n\t\t\t\t\t<div id=\"elementor-tab-content-2426\" class=\"elementor-tab-content elementor-clearfix\" data-tab=\"6\" role=\"region\" aria-labelledby=\"elementor-tab-title-2426\"><p>Oui bien s\u00fbr ! L&rsquo;acc\u00e8s au pas de tir est de <strong>30\u20ac<\/strong>. Sous r\u00e9serve que vous soyez <strong>d\u00e9tenteur de la licence FFTir<\/strong> de la <span style=\"color: #f70000;\">saison en cours<\/span> (licence mise \u00e0 jour dans EDEN), vous avez acc\u00e8s \u00e0 tous les clubs de tir de France agr\u00e9\u00e9s FFTir. N\u00e9anmoins nos installations sont r\u00e9serv\u00e9es <strong>en priorit\u00e9 \u00e0 nos adh\u00e9rents.<\/strong><\/p><\/div>\n\t\t\t\t<\/div>\n\t\t\t\t\t\t\t\t<\/div>\n\t\t\t\t\t\t<\/div>\n\t\t\t\t<\/div>\n\t\t\t\t<div class=\"elementor-element elementor-element-e8500ba elementor-widget elementor-widget-spacer\" data-id=\"e8500ba\" data-element_type=\"widget\" data-e-type=\"widget\" data-widget_type=\"spacer.default\">\n\t\t\t\t<div class=\"elementor-widget-container\">\n\t\t\t\t\t\t\t<div class=\"elementor-spacer\">\n\t\t\t<div class=\"elementor-spacer-inner\"><\/div>\n\t\t<\/div>\n\t\t\t\t\t\t<\/div>\n\t\t\t\t<\/div>\n\t\t\t\t\t<\/div>\n\t\t<\/div>\n\t\t\t\t\t<\/div>\n\t\t<\/section>\n\t\t\t\t<\/div>\n\t\t","protected":false},"excerpt":{"rendered":"<p>VOS INTERROGATIONS FORMALIT\u00c9S QUELS DOCUMENTS FAUT-IL FOURNIR POUR POUVOIR S\u2019INSCRIRE \u00c0 VOTRE CLUB DE TIR ? Pour vous inscrire* \u00e0 notre club de tir agr\u00e9\u00e9 F\u00e9d\u00e9ration Fran\u00e7aise de Tir pour une saison de tir qui d\u00e9bute le 1er\u00a0Septembre et se termine le 30 Septembre de l\u2019ann\u00e9e suivante, nous vous demandons\u00a0: 1 pi\u00e8ce d\u2019identit\u00e9 ou 1 [&hellip;]<\/p>\n","protected":false},"author":1,"featured_media":0,"parent":0,"menu_order":0,"comment_status":"closed","ping_status":"closed","template":"","meta":{"_acf_changed":false,"_eb_attr":"","om_disable_all_campaigns":false,"_monsterinsights_skip_tracking":false,"_monsterinsights_sitenote_active":false,"_monsterinsights_sitenote_note":"","_monsterinsights_sitenote_category":0,"footnotes":""},"class_list":["post-2286","page","type-page","status-publish","hentry"],"acf":[],"aioseo_notices":[],"_links":{"self":[{"href":"https:\/\/www.club-de-tir.fr\/en\/wp-json\/wp\/v2\/pages\/2286","targetHints":{"allow":["GET"]}}],"collection":[{"href":"https:\/\/www.club-de-tir.fr\/en\/wp-json\/wp\/v2\/pages"}],"about":[{"href":"https:\/\/www.club-de-tir.fr\/en\/wp-json\/wp\/v2\/types\/page"}],"author":[{"embeddable":true,"href":"https:\/\/www.club-de-tir.fr\/en\/wp-json\/wp\/v2\/users\/1"}],"replies":[{"embeddable":true,"href":"https:\/\/www.club-de-tir.fr\/en\/wp-json\/wp\/v2\/comments?post=2286"}],"version-history":[{"count":113,"href":"https:\/\/www.club-de-tir.fr\/en\/wp-json\/wp\/v2\/pages\/2286\/revisions"}],"predecessor-version":[{"id":5029,"href":"https:\/\/www.club-de-tir.fr\/en\/wp-json\/wp\/v2\/pages\/2286\/revisions\/5029"}],"wp:attachment":[{"href":"https:\/\/www.club-de-tir.fr\/en\/wp-json\/wp\/v2\/media?parent=2286"}],"curies":[{"name":"wp","href":"https:\/\/api.w.org\/{rel}","templated":true}]}}