{"id":1511,"date":"2022-03-02T15:15:27","date_gmt":"2022-03-02T14:15:27","guid":{"rendered":"https:\/\/www.club-de-tir.fr\/?page_id=1511"},"modified":"2023-02-03T09:50:03","modified_gmt":"2023-02-03T08:50:03","slug":"nos-actualites","status":"publish","type":"page","link":"https:\/\/www.club-de-tir.fr\/en\/nos-actualites\/","title":{"rendered":"Our news"},"content":{"rendered":"\t\t<div data-elementor-type=\"wp-page\" data-elementor-id=\"1511\" class=\"elementor elementor-1511\" data-elementor-post-type=\"page\">\n\t\t\t\t\t\t<section class=\"elementor-section elementor-top-section elementor-element elementor-element-25eefd2f elementor-section-full_width elementor-section-height-default elementor-section-height-default\" data-id=\"25eefd2f\" data-element_type=\"section\" data-e-type=\"section\" data-settings=\"{&quot;background_background&quot;:&quot;classic&quot;}\">\n\t\t\t\t\t\t\t<div class=\"elementor-background-overlay\"><\/div>\n\t\t\t\t\t\t\t<div class=\"elementor-container elementor-column-gap-default\">\n\t\t\t\t\t<div class=\"elementor-column elementor-col-100 elementor-top-column elementor-element elementor-element-60f57c71\" data-id=\"60f57c71\" data-element_type=\"column\" data-e-type=\"column\">\n\t\t\t<div class=\"elementor-widget-wrap elementor-element-populated\">\n\t\t\t\t\t\t<div class=\"elementor-element elementor-element-41a8c52b elementor-widget elementor-widget-heading\" data-id=\"41a8c52b\" data-element_type=\"widget\" data-e-type=\"widget\" data-widget_type=\"heading.default\">\n\t\t\t\t<div class=\"elementor-widget-container\">\n\t\t\t\t\t<h1 class=\"elementor-heading-title elementor-size-default\">NOS ACTUALIT\u00c9S<\/h1>\t\t\t\t<\/div>\n\t\t\t\t<\/div>\n\t\t\t\t\t<\/div>\n\t\t<\/div>\n\t\t\t\t\t<\/div>\n\t\t<\/section>\n\t\t\t\t<section class=\"elementor-section elementor-top-section elementor-element elementor-element-39f71c2 elementor-section-full_width elementor-section-height-default elementor-section-height-default\" data-id=\"39f71c2\" data-element_type=\"section\" data-e-type=\"section\" data-settings=\"{&quot;background_background&quot;:&quot;classic&quot;}\">\n\t\t\t\t\t\t<div class=\"elementor-container elementor-column-gap-default\">\n\t\t\t\t\t<div class=\"elementor-column elementor-col-100 elementor-top-column elementor-element elementor-element-5a69aeb\" data-id=\"5a69aeb\" data-element_type=\"column\" data-e-type=\"column\" data-settings=\"{&quot;background_background&quot;:&quot;classic&quot;}\">\n\t\t\t<div class=\"elementor-widget-wrap elementor-element-populated\">\n\t\t\t\t\t\t<div class=\"elementor-element elementor-element-ff66c52 elementor-widget elementor-widget-shortcode\" data-id=\"ff66c52\" data-element_type=\"widget\" data-e-type=\"widget\" data-widget_type=\"shortcode.default\">\n\t\t\t\t<div class=\"elementor-widget-container\">\n\t\t\t\t\t\t\t<div class=\"elementor-shortcode\"><nav aria-label=\"breadcrumbs\">\n            <div class=\"breadcrumb-container theme1\">\n                <ol>\n                                    <\/ol>\n            <\/div>\n        <\/nav>    <script type=\"application\/ld+json\">\n        {\n            \"@context\": \"http:\/\/schema.org\",\n            \"@type\": \"BreadcrumbList\",\n            \"itemListElement\": [\n                            ]\n        }\n    <\/script>\n   \n    <script>\n            <\/script>\n<\/div>\n\t\t\t\t\t\t<\/div>\n\t\t\t\t<\/div>\n\t\t\t\t<div class=\"elementor-element elementor-element-193864f addSwiper elementor-grid-3 elementor-grid-tablet-2 elementor-grid-mobile-1 elementor-posts--thumbnail-top elementor-card-shadow-yes elementor-posts__hover-gradient elementor-widget elementor-widget-posts\" data-id=\"193864f\" data-element_type=\"widget\" data-e-type=\"widget\" data-settings=\"{&quot;cards_club_de_tir_actualites_row_gap&quot;:{&quot;unit&quot;:&quot;px&quot;,&quot;size&quot;:50,&quot;sizes&quot;:[]},&quot;cards_club_de_tir_actualites_columns&quot;:&quot;3&quot;,&quot;cards_club_de_tir_actualites_columns_tablet&quot;:&quot;2&quot;,&quot;cards_club_de_tir_actualites_columns_mobile&quot;:&quot;1&quot;,&quot;cards_club_de_tir_actualites_row_gap_tablet&quot;:{&quot;unit&quot;:&quot;px&quot;,&quot;size&quot;:&quot;&quot;,&quot;sizes&quot;:[]},&quot;cards_club_de_tir_actualites_row_gap_mobile&quot;:{&quot;unit&quot;:&quot;px&quot;,&quot;size&quot;:&quot;&quot;,&quot;sizes&quot;:[]}}\" data-widget_type=\"posts.cards-club-de-tir-actualites\">\n\t\t\t\t<div class=\"elementor-widget-container\">\n\t\t\t\t\t\t\t<div class=\"elementor-posts-container elementor-posts elementor-posts--skin-cards-club-de-tir-actualites elementor-grid\" role=\"list\">\n\t\t\t\t<article class=\"elementor-post elementor-grid-item post-5306 post type-post status-publish format-standard has-post-thumbnail hentry category-competition category-outdoor category-evenements\" role=\"listitem\">\n\t\t\t<div class=\"elementor-post__card\">\n\t\t\t\t<a class=\"elementor-post__thumbnail__link\" href=\"https:\/\/www.club-de-tir.fr\/en\/med-cup-2025-clap-de-fin\/\" tabindex=\"-1\" ><div class=\"elementor-post__thumbnail\"><img fetchpriority=\"high\" decoding=\"async\" width=\"500\" height=\"190\" src=\"https:\/\/www.club-de-tir.fr\/wp-content\/uploads\/2025\/07\/16-500x190.jpg\" class=\"attachment-thumbnail_actualites size-thumbnail_actualites wp-image-5308\" alt=\"\" srcset=\"https:\/\/www.club-de-tir.fr\/wp-content\/uploads\/2025\/07\/16-500x190.jpg 500w, https:\/\/www.club-de-tir.fr\/wp-content\/uploads\/2025\/07\/16-18x7.jpg 18w\" sizes=\"(max-width: 500px) 100vw, 500px\" \/><\/div><\/a>\n\t\t\t\t<div class=\"elementor-post__badge\">Actualit\u00e9 comp\u00e9tition<\/div>\n\t\t\t\t<div class=\"elementor-post__text\">\n\t\t\t<a href=\"https:\/\/www.club-de-tir.fr\/en\/med-cup-2025-clap-de-fin\/\">\n\t\t\t\t<h3 class=\"elementor-post__title\">\n\t\t\tMED CUP 2025 : Clap de fin !\t\t<\/h3>\n\t\t\t\t<div class=\"elementor-post__excerpt\">\n\t\t\t<p>Retour sur l\u2019\u00e9dition 2025 de la MED CUP, qui s\u2019est tenue \u00e0 Provence Shooting Club, sur le domaine de l&rsquo;Arbois\u00a0\u00e0 Aix-en-Provence. &nbsp; Un \u00e9v\u00e9nement devenu&hellip;<\/p>\t\t<\/div>\n\t\t\t\t<\/a>\n\t\t\t<\/div>\n\t\t\t\t\t<\/div>\n\t\t<\/article>\n\t\t\t\t<article class=\"elementor-post elementor-grid-item post-5134 post type-post status-publish format-standard has-post-thumbnail hentry category-actualites category-competition category-outdoor category-evenements category-vie-du-club\" role=\"listitem\">\n\t\t\t<div class=\"elementor-post__card\">\n\t\t\t\t<a class=\"elementor-post__thumbnail__link\" href=\"https:\/\/www.club-de-tir.fr\/en\/competition-de-precision-rifle-pr22-de-noel-7-8-decembre-2024\/\" tabindex=\"-1\" ><div class=\"elementor-post__thumbnail\"><img decoding=\"async\" width=\"500\" height=\"190\" src=\"https:\/\/www.club-de-tir.fr\/wp-content\/uploads\/2024\/12\/2024-03-TomGun-MED-Cup-4476-500x190.jpg\" class=\"attachment-thumbnail_actualites size-thumbnail_actualites wp-image-5144\" alt=\"\" \/><\/div><\/a>\n\t\t\t\t<div class=\"elementor-post__badge\">Actualit\u00e9<\/div>\n\t\t\t\t<div class=\"elementor-post__text\">\n\t\t\t<a href=\"https:\/\/www.club-de-tir.fr\/en\/competition-de-precision-rifle-pr22-de-noel-7-8-decembre-2024\/\">\n\t\t\t\t<h3 class=\"elementor-post__title\">\n\t\t\tComp\u00e9tition de Precision Rifle (PR22) de No\u00ebl &#8211...\t\t<\/h3>\n\t\t\t\t<div class=\"elementor-post__excerpt\">\n\t\t\t<p>Ainsi s&rsquo;ach\u00e8ve la deuxi\u00e8me comp\u00e9tition de PR22 organis\u00e9e par nos soins ! Cet \u00e9v\u00e8nement s&rsquo;est tenu dans une ambiance conviviale, et les tireurs ont propos\u00e9&hellip;<\/p>\t\t<\/div>\n\t\t\t\t<\/a>\n\t\t\t<\/div>\n\t\t\t\t\t<\/div>\n\t\t<\/article>\n\t\t\t\t<article class=\"elementor-post elementor-grid-item post-5126 post type-post status-publish format-standard has-post-thumbnail hentry category-actualites category-outdoor category-evenements category-vie-du-club\" role=\"listitem\">\n\t\t\t<div class=\"elementor-post__card\">\n\t\t\t\t<a class=\"elementor-post__thumbnail__link\" href=\"https:\/\/www.club-de-tir.fr\/en\/10eme-edition-du-fun-tir-de-noel-7-8-decembre-2024\/\" tabindex=\"-1\" ><div class=\"elementor-post__thumbnail\"><img decoding=\"async\" width=\"500\" height=\"190\" src=\"https:\/\/www.club-de-tir.fr\/wp-content\/uploads\/2024\/12\/IMG_0426-500x190.jpg\" class=\"attachment-thumbnail_actualites size-thumbnail_actualites wp-image-5130\" alt=\"\" \/><\/div><\/a>\n\t\t\t\t<div class=\"elementor-post__badge\">Actualit\u00e9<\/div>\n\t\t\t\t<div class=\"elementor-post__text\">\n\t\t\t<a href=\"https:\/\/www.club-de-tir.fr\/en\/10eme-edition-du-fun-tir-de-noel-7-8-decembre-2024\/\">\n\t\t\t\t<h3 class=\"elementor-post__title\">\n\t\t\t10\u00e8me \u00e9dition du Fun Tir de No\u00ebl &#8211; 7 &#038; 8 ...\t\t<\/h3>\n\t\t\t\t<div class=\"elementor-post__excerpt\">\n\t\t\t<p>Ce samedi 7 et dimanche 8 D\u00e9cembre a eu lieu la 10\u00e8me \u00e9dition du Fun Tir de No\u00ebl 2024 ! Quelle meilleure fa\u00e7on de cl\u00f4turer&hellip;<\/p>\t\t<\/div>\n\t\t\t\t<\/a>\n\t\t\t<\/div>\n\t\t\t\t\t<\/div>\n\t\t<\/article>\n\t\t\t\t<\/div>\n\t\t\n\t\t\t\t<div class=\"e-load-more-anchor\" data-page=\"1\" data-max-page=\"8\" data-next-page=\"https:\/\/www.club-de-tir.fr\/en\/wp-json\/wp\/v2\/pages\/1511\/page\/2\/\"><\/div>\n\t\t\t\t<nav class=\"elementor-pagination\" aria-label=\"Pagination\">\n\t\t\t<span aria-current=\"page\" class=\"page-numbers current\"><span class=\"elementor-screen-only\">Page<\/span>1<\/span>\n<a class=\"page-numbers\" href=\"https:\/\/www.club-de-tir.fr\/en\/wp-json\/wp\/v2\/pages\/1511\/page\/2\/\"><span class=\"elementor-screen-only\">Page<\/span>2<\/a>\n<a class=\"page-numbers\" href=\"https:\/\/www.club-de-tir.fr\/en\/wp-json\/wp\/v2\/pages\/1511\/page\/3\/\"><span class=\"elementor-screen-only\">Page<\/span>3<\/a>\n<a class=\"page-numbers\" href=\"https:\/\/www.club-de-tir.fr\/en\/wp-json\/wp\/v2\/pages\/1511\/page\/4\/\"><span class=\"elementor-screen-only\">Page<\/span>4<\/a>\n<a class=\"page-numbers\" href=\"https:\/\/www.club-de-tir.fr\/en\/wp-json\/wp\/v2\/pages\/1511\/page\/5\/\"><span class=\"elementor-screen-only\">Page<\/span>5<\/a>\t\t<\/nav>\n\t\t\t\t\t\t<\/div>\n\t\t\t\t<\/div>\n\t\t\t\t\t<\/div>\n\t\t<\/div>\n\t\t\t\t\t<\/div>\n\t\t<\/section>\n\t\t\t\t<\/div>\n\t\t","protected":false},"excerpt":{"rendered":"<p>OUR NEWS<\/p>","protected":false},"author":1,"featured_media":0,"parent":0,"menu_order":0,"comment_status":"closed","ping_status":"closed","template":"","meta":{"_acf_changed":false,"_eb_attr":"","om_disable_all_campaigns":false,"_monsterinsights_skip_tracking":false,"_monsterinsights_sitenote_active":false,"_monsterinsights_sitenote_note":"","_monsterinsights_sitenote_category":0,"footnotes":""},"class_list":["post-1511","page","type-page","status-publish","hentry"],"acf":[],"aioseo_notices":[],"_links":{"self":[{"href":"https:\/\/www.club-de-tir.fr\/en\/wp-json\/wp\/v2\/pages\/1511","targetHints":{"allow":["GET"]}}],"collection":[{"href":"https:\/\/www.club-de-tir.fr\/en\/wp-json\/wp\/v2\/pages"}],"about":[{"href":"https:\/\/www.club-de-tir.fr\/en\/wp-json\/wp\/v2\/types\/page"}],"author":[{"embeddable":true,"href":"https:\/\/www.club-de-tir.fr\/en\/wp-json\/wp\/v2\/users\/1"}],"replies":[{"embeddable":true,"href":"https:\/\/www.club-de-tir.fr\/en\/wp-json\/wp\/v2\/comments?post=1511"}],"version-history":[{"count":19,"href":"https:\/\/www.club-de-tir.fr\/en\/wp-json\/wp\/v2\/pages\/1511\/revisions"}],"predecessor-version":[{"id":3862,"href":"https:\/\/www.club-de-tir.fr\/en\/wp-json\/wp\/v2\/pages\/1511\/revisions\/3862"}],"wp:attachment":[{"href":"https:\/\/www.club-de-tir.fr\/en\/wp-json\/wp\/v2\/media?parent=1511"}],"curies":[{"name":"wp","href":"https:\/\/api.w.org\/{rel}","templated":true}]}}