{"id":1155,"date":"2022-02-15T10:27:48","date_gmt":"2022-02-15T09:27:48","guid":{"rendered":"https:\/\/www.club-de-tir.fr\/?page_id=1155"},"modified":"2023-02-02T18:38:26","modified_gmt":"2023-02-02T17:38:26","slug":"nos-evenements","status":"publish","type":"page","link":"https:\/\/www.club-de-tir.fr\/en\/club-provence-tir\/nos-evenements\/","title":{"rendered":"Our events"},"content":{"rendered":"\t\t<div data-elementor-type=\"wp-page\" data-elementor-id=\"1155\" class=\"elementor elementor-1155\" data-elementor-post-type=\"page\">\n\t\t\t\t\t\t<section class=\"elementor-section elementor-top-section elementor-element elementor-element-3d6c32b1 elementor-section-full_width elementor-section-height-default elementor-section-height-default\" data-id=\"3d6c32b1\" data-element_type=\"section\" data-e-type=\"section\" data-settings=\"{&quot;background_background&quot;:&quot;classic&quot;}\">\n\t\t\t\t\t\t\t<div class=\"elementor-background-overlay\"><\/div>\n\t\t\t\t\t\t\t<div class=\"elementor-container elementor-column-gap-default\">\n\t\t\t\t\t<div class=\"elementor-column elementor-col-100 elementor-top-column elementor-element elementor-element-7615b3aa\" data-id=\"7615b3aa\" data-element_type=\"column\" data-e-type=\"column\">\n\t\t\t<div class=\"elementor-widget-wrap elementor-element-populated\">\n\t\t\t\t\t\t<div class=\"elementor-element elementor-element-44d5feb2 section_titre_basic elementor-widget elementor-widget-heading\" data-id=\"44d5feb2\" data-element_type=\"widget\" data-e-type=\"widget\" data-widget_type=\"heading.default\">\n\t\t\t\t<div class=\"elementor-widget-container\">\n\t\t\t\t\t<h1 class=\"elementor-heading-title elementor-size-default\">NOS \u00c9V\u00c9NEMENTS <\/h1>\t\t\t\t<\/div>\n\t\t\t\t<\/div>\n\t\t\t\t\t<\/div>\n\t\t<\/div>\n\t\t\t\t\t<\/div>\n\t\t<\/section>\n\t\t\t\t<section class=\"elementor-section elementor-top-section elementor-element elementor-element-5110395 elementor-section-boxed elementor-section-height-default elementor-section-height-default\" data-id=\"5110395\" data-element_type=\"section\" data-e-type=\"section\" data-settings=\"{&quot;background_background&quot;:&quot;classic&quot;}\">\n\t\t\t\t\t\t<div class=\"elementor-container elementor-column-gap-default\">\n\t\t\t\t\t<div class=\"elementor-column elementor-col-100 elementor-top-column elementor-element elementor-element-8c4f96e\" data-id=\"8c4f96e\" data-element_type=\"column\" data-e-type=\"column\">\n\t\t\t<div class=\"elementor-widget-wrap elementor-element-populated\">\n\t\t\t\t\t\t<div class=\"elementor-element elementor-element-5ad2a90 elementor-widget elementor-widget-shortcode\" data-id=\"5ad2a90\" data-element_type=\"widget\" data-e-type=\"widget\" data-widget_type=\"shortcode.default\">\n\t\t\t\t<div class=\"elementor-widget-container\">\n\t\t\t\t\t\t\t<div class=\"elementor-shortcode\"><nav aria-label=\"breadcrumbs\">\n            <div class=\"breadcrumb-container theme1\">\n                <ol>\n                                    <\/ol>\n            <\/div>\n        <\/nav>    <script type=\"application\/ld+json\">\n        {\n            \"@context\": \"http:\/\/schema.org\",\n            \"@type\": \"BreadcrumbList\",\n            \"itemListElement\": [\n                            ]\n        }\n    <\/script>\n   \n    <script>\n            <\/script>\n<\/div>\n\t\t\t\t\t\t<\/div>\n\t\t\t\t<\/div>\n\t\t\t\t\t<\/div>\n\t\t<\/div>\n\t\t\t\t\t<\/div>\n\t\t<\/section>\n\t\t\t\t<section class=\"elementor-section elementor-top-section elementor-element elementor-element-58c3d1c elementor-section-boxed elementor-section-height-default elementor-section-height-default\" data-id=\"58c3d1c\" data-element_type=\"section\" data-e-type=\"section\" data-settings=\"{&quot;background_background&quot;:&quot;classic&quot;}\">\n\t\t\t\t\t\t<div class=\"elementor-container elementor-column-gap-default\">\n\t\t\t\t\t<div class=\"elementor-column elementor-col-100 elementor-top-column elementor-element elementor-element-088500d\" data-id=\"088500d\" data-element_type=\"column\" data-e-type=\"column\">\n\t\t\t<div class=\"elementor-widget-wrap elementor-element-populated\">\n\t\t\t\t\t\t<div class=\"elementor-element elementor-element-623966b elementor-widget elementor-widget-spacer\" data-id=\"623966b\" data-element_type=\"widget\" data-e-type=\"widget\" data-widget_type=\"spacer.default\">\n\t\t\t\t<div class=\"elementor-widget-container\">\n\t\t\t\t\t\t\t<div class=\"elementor-spacer\">\n\t\t\t<div class=\"elementor-spacer-inner\"><\/div>\n\t\t<\/div>\n\t\t\t\t\t\t<\/div>\n\t\t\t\t<\/div>\n\t\t\t\t\t<\/div>\n\t\t<\/div>\n\t\t\t\t\t<\/div>\n\t\t<\/section>\n\t\t\t\t<section class=\"elementor-section elementor-top-section elementor-element elementor-element-4e672c2 elementor-section-boxed elementor-section-height-default elementor-section-height-default\" data-id=\"4e672c2\" data-element_type=\"section\" data-e-type=\"section\" data-settings=\"{&quot;background_background&quot;:&quot;classic&quot;}\">\n\t\t\t\t\t\t<div class=\"elementor-container elementor-column-gap-default\">\n\t\t\t\t\t<div class=\"elementor-column elementor-col-33 elementor-top-column elementor-element elementor-element-a0bff71\" data-id=\"a0bff71\" data-element_type=\"column\" data-e-type=\"column\">\n\t\t\t<div class=\"elementor-widget-wrap elementor-element-populated\">\n\t\t\t\t\t\t<div class=\"elementor-element elementor-element-d112a22 elementor-widget elementor-widget-image\" data-id=\"d112a22\" data-element_type=\"widget\" data-e-type=\"widget\" data-widget_type=\"image.default\">\n\t\t\t\t<div class=\"elementor-widget-container\">\n\t\t\t\t\t\t\t\t\t\t\t\t\t\t\t<img fetchpriority=\"high\" decoding=\"async\" width=\"2048\" height=\"1536\" src=\"https:\/\/www.club-de-tir.fr\/wp-content\/uploads\/2023\/01\/stand-indoor-Provence-Tir-scaled.jpg\" class=\"attachment-full size-full wp-image-3083\" alt=\"stand indoor Provence Tir\" srcset=\"https:\/\/www.club-de-tir.fr\/wp-content\/uploads\/2023\/01\/stand-indoor-Provence-Tir-scaled.jpg 2048w, https:\/\/www.club-de-tir.fr\/wp-content\/uploads\/2023\/01\/stand-indoor-Provence-Tir-300x225.jpg 300w, https:\/\/www.club-de-tir.fr\/wp-content\/uploads\/2023\/01\/stand-indoor-Provence-Tir-1024x768.jpg 1024w, https:\/\/www.club-de-tir.fr\/wp-content\/uploads\/2023\/01\/stand-indoor-Provence-Tir-768x576.jpg 768w, https:\/\/www.club-de-tir.fr\/wp-content\/uploads\/2023\/01\/stand-indoor-Provence-Tir-1536x1152.jpg 1536w, https:\/\/www.club-de-tir.fr\/wp-content\/uploads\/2023\/01\/stand-indoor-Provence-Tir-16x12.jpg 16w\" sizes=\"(max-width: 2048px) 100vw, 2048px\" \/>\t\t\t\t\t\t\t\t\t\t\t\t\t\t\t<\/div>\n\t\t\t\t<\/div>\n\t\t\t\t<div class=\"elementor-element elementor-element-8bcecf0 elementor-widget elementor-widget-heading\" data-id=\"8bcecf0\" data-element_type=\"widget\" data-e-type=\"widget\" data-widget_type=\"heading.default\">\n\t\t\t\t<div class=\"elementor-widget-container\">\n\t\t\t\t\t<h5 class=\"elementor-heading-title elementor-size-default\">FUN TIR<\/h5>\t\t\t\t<\/div>\n\t\t\t\t<\/div>\n\t\t\t\t<div class=\"elementor-element elementor-element-a5c929d elementor-widget elementor-widget-text-editor\" data-id=\"a5c929d\" data-element_type=\"widget\" data-e-type=\"widget\" data-widget_type=\"text-editor.default\">\n\t\t\t\t<div class=\"elementor-widget-container\">\n\t\t\t\t\t\t\t\t\t<p style=\"text-align: center;\">Un samedi sur deux est organis\u00e9 par nos moniteurs un Fun Tir, une discipline de tir sportif ludique, pratiqu\u00e9e \u00e0 l&rsquo;arme de poing gr\u00e2ce \u00e0 un parcours permettant d&rsquo;encha\u00eener des cibles de tailles diff\u00e9rentes, \u00e0 des distances diff\u00e9rentes avec une rapidit\u00e9 d&rsquo;ex\u00e9cution.<\/p>\t\t\t\t\t\t\t\t<\/div>\n\t\t\t\t<\/div>\n\t\t\t\t\t<\/div>\n\t\t<\/div>\n\t\t\t\t<div class=\"elementor-column elementor-col-33 elementor-top-column elementor-element elementor-element-0f64259\" data-id=\"0f64259\" data-element_type=\"column\" data-e-type=\"column\">\n\t\t\t<div class=\"elementor-widget-wrap elementor-element-populated\">\n\t\t\t\t\t\t<div class=\"elementor-element elementor-element-3858129 elementor-widget elementor-widget-image\" data-id=\"3858129\" data-element_type=\"widget\" data-e-type=\"widget\" data-widget_type=\"image.default\">\n\t\t\t\t<div class=\"elementor-widget-container\">\n\t\t\t\t\t\t\t\t\t\t\t\t\t\t\t<img decoding=\"async\" width=\"400\" height=\"419\" src=\"https:\/\/www.club-de-tir.fr\/wp-content\/uploads\/2023\/02\/thumbnail_FullSizeRender-e1675245362574.jpg\" class=\"attachment-full size-full wp-image-3393\" alt=\"assembl\u00e9e g\u00e9n\u00e9rale psc\" srcset=\"https:\/\/www.club-de-tir.fr\/wp-content\/uploads\/2023\/02\/thumbnail_FullSizeRender-e1675245362574.jpg 400w, https:\/\/www.club-de-tir.fr\/wp-content\/uploads\/2023\/02\/thumbnail_FullSizeRender-e1675245362574-286x300.jpg 286w, https:\/\/www.club-de-tir.fr\/wp-content\/uploads\/2023\/02\/thumbnail_FullSizeRender-e1675245362574-11x12.jpg 11w\" sizes=\"(max-width: 400px) 100vw, 400px\" \/>\t\t\t\t\t\t\t\t\t\t\t\t\t\t\t<\/div>\n\t\t\t\t<\/div>\n\t\t\t\t<div class=\"elementor-element elementor-element-6674ef5 elementor-widget elementor-widget-heading\" data-id=\"6674ef5\" data-element_type=\"widget\" data-e-type=\"widget\" data-widget_type=\"heading.default\">\n\t\t\t\t<div class=\"elementor-widget-container\">\n\t\t\t\t\t<h5 class=\"elementor-heading-title elementor-size-default\">ASSEMBL\u00c9E G\u00c9N\u00c9RALE<\/h5>\t\t\t\t<\/div>\n\t\t\t\t<\/div>\n\t\t\t\t<div class=\"elementor-element elementor-element-2cdcb8c elementor-widget elementor-widget-text-editor\" data-id=\"2cdcb8c\" data-element_type=\"widget\" data-e-type=\"widget\" data-widget_type=\"text-editor.default\">\n\t\t\t\t<div class=\"elementor-widget-container\">\n\t\t\t\t\t\t\t\t\t<p style=\"text-align: center;\"><span style=\"color: #ffffff;\">L\u2019Assembl\u00e9e G\u00e9n\u00e9rale du club permet au pr\u00e9sident de souhaiter la bienvenue aux nouveaux membres, de pr\u00e9senter le comit\u00e9 de direction, remercier l&rsquo;\u00e9quipe d&rsquo;animation, d&rsquo;encadrement, les moniteurs et les b\u00e9n\u00e9voles pour leur implication au sein de la vie du club, d&rsquo;\u00e9voquer la r\u00e9glementation en vigueur, de pr\u00e9senter le bilan financier de la saison \u00e9coul\u00e9e, d&rsquo;\u00e9voquer les frais sur l&rsquo;ann\u00e9e et les diff\u00e9rents postes \u00e0 venir selon un ordre du jour pr\u00e9d\u00e9fini, ainsi que d\u2019\u00e9changer avec les membres autour des activit\u00e9s de l\u2019ann\u00e9e pass\u00e9e et de l&rsquo;ann\u00e9e \u00e0 venir. Celle-ci se tient chaque ann\u00e9e \u00e0 une date pr\u00e9d\u00e9finie communiqu\u00e9e \u00e0 l&rsquo;avance aux membres du club.<\/span><\/p>\t\t\t\t\t\t\t\t<\/div>\n\t\t\t\t<\/div>\n\t\t\t\t<div class=\"elementor-element elementor-element-6ec9ed6 elementor-widget elementor-widget-spacer\" data-id=\"6ec9ed6\" data-element_type=\"widget\" data-e-type=\"widget\" data-widget_type=\"spacer.default\">\n\t\t\t\t<div class=\"elementor-widget-container\">\n\t\t\t\t\t\t\t<div class=\"elementor-spacer\">\n\t\t\t<div class=\"elementor-spacer-inner\"><\/div>\n\t\t<\/div>\n\t\t\t\t\t\t<\/div>\n\t\t\t\t<\/div>\n\t\t\t\t\t<\/div>\n\t\t<\/div>\n\t\t\t\t<div class=\"elementor-column elementor-col-33 elementor-top-column elementor-element elementor-element-f5779af\" data-id=\"f5779af\" data-element_type=\"column\" data-e-type=\"column\">\n\t\t\t<div class=\"elementor-widget-wrap elementor-element-populated\">\n\t\t\t\t\t\t<div class=\"elementor-element elementor-element-8a29e7d elementor-widget elementor-widget-image\" data-id=\"8a29e7d\" data-element_type=\"widget\" data-e-type=\"widget\" data-widget_type=\"image.default\">\n\t\t\t\t<div class=\"elementor-widget-container\">\n\t\t\t\t\t\t\t\t\t\t\t\t\t\t\t<img decoding=\"async\" width=\"960\" height=\"1280\" src=\"https:\/\/www.club-de-tir.fr\/wp-content\/uploads\/2023\/02\/thumbnail_image1.jpg\" class=\"attachment-full size-full wp-image-3470\" alt=\"carnet assiduit\u00e9 Club Provence Tir\" srcset=\"https:\/\/www.club-de-tir.fr\/wp-content\/uploads\/2023\/02\/thumbnail_image1.jpg 960w, https:\/\/www.club-de-tir.fr\/wp-content\/uploads\/2023\/02\/thumbnail_image1-225x300.jpg 225w, https:\/\/www.club-de-tir.fr\/wp-content\/uploads\/2023\/02\/thumbnail_image1-768x1024.jpg 768w, https:\/\/www.club-de-tir.fr\/wp-content\/uploads\/2023\/02\/thumbnail_image1-9x12.jpg 9w\" sizes=\"(max-width: 960px) 100vw, 960px\" \/>\t\t\t\t\t\t\t\t\t\t\t\t\t\t\t<\/div>\n\t\t\t\t<\/div>\n\t\t\t\t<div class=\"elementor-element elementor-element-4c218a6 elementor-widget elementor-widget-heading\" data-id=\"4c218a6\" data-element_type=\"widget\" data-e-type=\"widget\" data-widget_type=\"heading.default\">\n\t\t\t\t<div class=\"elementor-widget-container\">\n\t\t\t\t\t<h5 class=\"elementor-heading-title elementor-size-default\">CARNET D'ASSIDUIT\u00c9<\/h5>\t\t\t\t<\/div>\n\t\t\t\t<\/div>\n\t\t\t\t<div class=\"elementor-element elementor-element-b47cfae elementor-widget elementor-widget-text-editor\" data-id=\"b47cfae\" data-element_type=\"widget\" data-e-type=\"widget\" data-widget_type=\"text-editor.default\">\n\t\t\t\t<div class=\"elementor-widget-container\">\n\t\t\t\t\t\t\t\t\t<p style=\"text-align: center;\">Afin de connaitre les r\u00e8gles de s\u00e9curit\u00e9 de port et de transport des armes. Chez Provence Tir nous avons \u00e0 coeur d&rsquo;informer nos adh\u00e9rents sur la r\u00e9glementation, afin de les accompagner dans leur pratique du tir. Nous vous proposons des formations \u00ab\u00a0au carnet d&rsquo;assiduit\u00e9\u00a0\u00bb vous permettant d&rsquo;engager le processus d&rsquo;acquisition.<\/p>\t\t\t\t\t\t\t\t<\/div>\n\t\t\t\t<\/div>\n\t\t\t\t\t<\/div>\n\t\t<\/div>\n\t\t\t\t\t<\/div>\n\t\t<\/section>\n\t\t\t\t<\/div>\n\t\t","protected":false},"excerpt":{"rendered":"<p>NOS \u00c9V\u00c9NEMENTS FUN TIR Un samedi sur deux est organis\u00e9 par nos moniteurs un Fun Tir, une discipline de tir sportif ludique, pratiqu\u00e9e \u00e0 l&rsquo;arme de poing gr\u00e2ce \u00e0 un parcours permettant d&rsquo;encha\u00eener des cibles de tailles diff\u00e9rentes, \u00e0 des distances diff\u00e9rentes avec une rapidit\u00e9 d&rsquo;ex\u00e9cution. ASSEMBL\u00c9E G\u00c9N\u00c9RALE L\u2019Assembl\u00e9e G\u00e9n\u00e9rale du club permet au pr\u00e9sident [&hellip;]<\/p>\n","protected":false},"author":1,"featured_media":0,"parent":533,"menu_order":0,"comment_status":"closed","ping_status":"closed","template":"","meta":{"_acf_changed":false,"_eb_attr":"","om_disable_all_campaigns":false,"_monsterinsights_skip_tracking":false,"_monsterinsights_sitenote_active":false,"_monsterinsights_sitenote_note":"","_monsterinsights_sitenote_category":0,"footnotes":""},"class_list":["post-1155","page","type-page","status-publish","hentry"],"acf":[],"aioseo_notices":[],"_links":{"self":[{"href":"https:\/\/www.club-de-tir.fr\/en\/wp-json\/wp\/v2\/pages\/1155","targetHints":{"allow":["GET"]}}],"collection":[{"href":"https:\/\/www.club-de-tir.fr\/en\/wp-json\/wp\/v2\/pages"}],"about":[{"href":"https:\/\/www.club-de-tir.fr\/en\/wp-json\/wp\/v2\/types\/page"}],"author":[{"embeddable":true,"href":"https:\/\/www.club-de-tir.fr\/en\/wp-json\/wp\/v2\/users\/1"}],"replies":[{"embeddable":true,"href":"https:\/\/www.club-de-tir.fr\/en\/wp-json\/wp\/v2\/comments?post=1155"}],"version-history":[{"count":161,"href":"https:\/\/www.club-de-tir.fr\/en\/wp-json\/wp\/v2\/pages\/1155\/revisions"}],"predecessor-version":[{"id":3824,"href":"https:\/\/www.club-de-tir.fr\/en\/wp-json\/wp\/v2\/pages\/1155\/revisions\/3824"}],"up":[{"embeddable":true,"href":"https:\/\/www.club-de-tir.fr\/en\/wp-json\/wp\/v2\/pages\/533"}],"wp:attachment":[{"href":"https:\/\/www.club-de-tir.fr\/en\/wp-json\/wp\/v2\/media?parent=1155"}],"curies":[{"name":"wp","href":"https:\/\/api.w.org\/{rel}","templated":true}]}}