{"id":1147,"date":"2022-02-22T17:59:32","date_gmt":"2022-02-22T16:59:32","guid":{"rendered":"https:\/\/www.club-de-tir.fr\/?page_id=1147"},"modified":"2024-08-14T09:49:40","modified_gmt":"2024-08-14T07:49:40","slug":"nos-bons-cadeaux","status":"publish","type":"page","link":"https:\/\/www.club-de-tir.fr\/en\/club-provence-tir\/nos-bons-cadeaux\/","title":{"rendered":"Our gift cards"},"content":{"rendered":"\t\t<div data-elementor-type=\"wp-page\" data-elementor-id=\"1147\" class=\"elementor elementor-1147\" data-elementor-post-type=\"page\">\n\t\t\t\t\t\t<section class=\"elementor-section elementor-top-section elementor-element elementor-element-539a4448 elementor-section-full_width elementor-section-height-default elementor-section-height-default\" data-id=\"539a4448\" data-element_type=\"section\" data-e-type=\"section\" data-settings=\"{&quot;background_background&quot;:&quot;classic&quot;}\">\n\t\t\t\t\t\t\t<div class=\"elementor-background-overlay\"><\/div>\n\t\t\t\t\t\t\t<div class=\"elementor-container elementor-column-gap-default\">\n\t\t\t\t\t<div class=\"elementor-column elementor-col-100 elementor-top-column elementor-element elementor-element-29d3e824\" data-id=\"29d3e824\" data-element_type=\"column\" data-e-type=\"column\">\n\t\t\t<div class=\"elementor-widget-wrap elementor-element-populated\">\n\t\t\t\t\t\t<div class=\"elementor-element elementor-element-6f46ff9f section_titre_basic elementor-widget elementor-widget-heading\" data-id=\"6f46ff9f\" data-element_type=\"widget\" data-e-type=\"widget\" data-widget_type=\"heading.default\">\n\t\t\t\t<div class=\"elementor-widget-container\">\n\t\t\t\t\t<h1 class=\"elementor-heading-title elementor-size-default\">NOS BONS CADEAUX<\/h1>\t\t\t\t<\/div>\n\t\t\t\t<\/div>\n\t\t\t\t\t<\/div>\n\t\t<\/div>\n\t\t\t\t\t<\/div>\n\t\t<\/section>\n\t\t\t\t<section class=\"elementor-section elementor-top-section elementor-element elementor-element-69d53a3 elementor-section-boxed elementor-section-height-default elementor-section-height-default\" data-id=\"69d53a3\" data-element_type=\"section\" data-e-type=\"section\" data-settings=\"{&quot;background_background&quot;:&quot;classic&quot;}\">\n\t\t\t\t\t\t<div class=\"elementor-container elementor-column-gap-default\">\n\t\t\t\t\t<div class=\"elementor-column elementor-col-100 elementor-top-column elementor-element elementor-element-10c39cd\" data-id=\"10c39cd\" data-element_type=\"column\" data-e-type=\"column\">\n\t\t\t<div class=\"elementor-widget-wrap elementor-element-populated\">\n\t\t\t\t\t\t<div class=\"elementor-element elementor-element-0ff8fee elementor-widget elementor-widget-shortcode\" data-id=\"0ff8fee\" data-element_type=\"widget\" data-e-type=\"widget\" data-widget_type=\"shortcode.default\">\n\t\t\t\t<div class=\"elementor-widget-container\">\n\t\t\t\t\t\t\t<div class=\"elementor-shortcode\"><nav aria-label=\"breadcrumbs\">\n            <div class=\"breadcrumb-container theme1\">\n                <ol>\n                                    <\/ol>\n            <\/div>\n        <\/nav>    <script type=\"application\/ld+json\">\n        {\n            \"@context\": \"http:\/\/schema.org\",\n            \"@type\": \"BreadcrumbList\",\n            \"itemListElement\": [\n                            ]\n        }\n    <\/script>\n   \n    <script>\n            <\/script>\n<\/div>\n\t\t\t\t\t\t<\/div>\n\t\t\t\t<\/div>\n\t\t\t\t<div class=\"elementor-element elementor-element-e0ea20d elementor-widget elementor-widget-spacer\" data-id=\"e0ea20d\" data-element_type=\"widget\" data-e-type=\"widget\" data-widget_type=\"spacer.default\">\n\t\t\t\t<div class=\"elementor-widget-container\">\n\t\t\t\t\t\t\t<div class=\"elementor-spacer\">\n\t\t\t<div class=\"elementor-spacer-inner\"><\/div>\n\t\t<\/div>\n\t\t\t\t\t\t<\/div>\n\t\t\t\t<\/div>\n\t\t\t\t\t<\/div>\n\t\t<\/div>\n\t\t\t\t\t<\/div>\n\t\t<\/section>\n\t\t\t\t<section class=\"elementor-section elementor-top-section elementor-element elementor-element-3138768 elementor-section-boxed elementor-section-height-default elementor-section-height-default\" data-id=\"3138768\" data-element_type=\"section\" data-e-type=\"section\" data-settings=\"{&quot;background_background&quot;:&quot;classic&quot;}\">\n\t\t\t\t\t\t<div class=\"elementor-container elementor-column-gap-default\">\n\t\t\t\t\t<div class=\"elementor-column elementor-col-33 elementor-top-column elementor-element elementor-element-35de212\" data-id=\"35de212\" data-element_type=\"column\" data-e-type=\"column\">\n\t\t\t<div class=\"elementor-widget-wrap elementor-element-populated\">\n\t\t\t\t\t\t<div class=\"elementor-element elementor-element-ed7f1d1 elementor-widget elementor-widget-image\" data-id=\"ed7f1d1\" data-element_type=\"widget\" data-e-type=\"widget\" data-widget_type=\"image.default\">\n\t\t\t\t<div class=\"elementor-widget-container\">\n\t\t\t\t\t\t\t\t\t\t\t\t\t\t\t<img fetchpriority=\"high\" decoding=\"async\" width=\"2048\" height=\"2560\" src=\"https:\/\/www.club-de-tir.fr\/wp-content\/uploads\/2022\/04\/cartes-scaled.jpg\" class=\"attachment-full size-full wp-image-2141\" alt=\"Bons cadeaux Club Provence Tir\" srcset=\"https:\/\/www.club-de-tir.fr\/wp-content\/uploads\/2022\/04\/cartes-scaled.jpg 2048w, https:\/\/www.club-de-tir.fr\/wp-content\/uploads\/2022\/04\/cartes-240x300.jpg 240w, https:\/\/www.club-de-tir.fr\/wp-content\/uploads\/2022\/04\/cartes-819x1024.jpg 819w, https:\/\/www.club-de-tir.fr\/wp-content\/uploads\/2022\/04\/cartes-768x960.jpg 768w, https:\/\/www.club-de-tir.fr\/wp-content\/uploads\/2022\/04\/cartes-1229x1536.jpg 1229w, https:\/\/www.club-de-tir.fr\/wp-content\/uploads\/2022\/04\/cartes-1638x2048.jpg 1638w, https:\/\/www.club-de-tir.fr\/wp-content\/uploads\/2022\/04\/cartes-10x12.jpg 10w\" sizes=\"(max-width: 2048px) 100vw, 2048px\" \/>\t\t\t\t\t\t\t\t\t\t\t\t\t\t\t<\/div>\n\t\t\t\t<\/div>\n\t\t\t\t\t<\/div>\n\t\t<\/div>\n\t\t\t\t<div class=\"elementor-column elementor-col-66 elementor-top-column elementor-element elementor-element-ecf80dd\" data-id=\"ecf80dd\" data-element_type=\"column\" data-e-type=\"column\">\n\t\t\t<div class=\"elementor-widget-wrap elementor-element-populated\">\n\t\t\t\t\t\t<div class=\"elementor-element elementor-element-ce6a170 elementor-widget elementor-widget-heading\" data-id=\"ce6a170\" data-element_type=\"widget\" data-e-type=\"widget\" data-widget_type=\"heading.default\">\n\t\t\t\t<div class=\"elementor-widget-container\">\n\t\t\t\t\t<h2 class=\"elementor-heading-title elementor-size-default\">S\u00e9ance D\u00e9couverte et Initiation<\/h2>\t\t\t\t<\/div>\n\t\t\t\t<\/div>\n\t\t\t\t<section class=\"elementor-section elementor-inner-section elementor-element elementor-element-0a4a418 elementor-section-boxed elementor-section-height-default elementor-section-height-default\" data-id=\"0a4a418\" data-element_type=\"section\" data-e-type=\"section\">\n\t\t\t\t\t\t<div class=\"elementor-container elementor-column-gap-default\">\n\t\t\t\t\t<div class=\"elementor-column elementor-col-100 elementor-inner-column elementor-element elementor-element-fe544a4\" data-id=\"fe544a4\" data-element_type=\"column\" data-e-type=\"column\">\n\t\t\t<div class=\"elementor-widget-wrap elementor-element-populated\">\n\t\t\t\t\t\t<div class=\"elementor-element elementor-element-170e76e elementor-widget elementor-widget-text-editor\" data-id=\"170e76e\" data-element_type=\"widget\" data-e-type=\"widget\" data-widget_type=\"text-editor.default\">\n\t\t\t\t<div class=\"elementor-widget-container\">\n\t\t\t\t\t\t\t\t\t<p><span style=\"color: #ffffff;\">S\u00e9ance d\u2019une dur\u00e9e de 1h, encadr\u00e9e par un moniteur de tir agr\u00e9\u00e9 FFTIR.<\/span><\/p><p><span style=\"color: #ffffff;\">\u2022 1 arme de poing : pistolet<\/span><\/p><p><span style=\"color: #ffffff;\">\u2022 Munitions : 50 cartouches<\/span><\/p><p><span style=\"color: #ffffff;\">\u2022 Bon valable pour 1 seule personne<\/span><\/p><p><span style=\"color: #ffffff;\">La s\u00e9ance doit \u00eatre r\u00e9serv\u00e9e \u00e0 l\u2019avance par t\u00e9l\u00e9phone.<\/span><\/p><p><span style=\"color: #ffffff;\">Le jour de la s\u00e9ance, le b\u00e9n\u00e9ficiaire devra imp\u00e9rativement se pr\u00e9senter muni d\u2019une <strong>pi\u00e8ce d\u2019identit\u00e9 en cours de validit\u00e9<\/strong> et de<strong> son bon cadeau.<\/strong><\/span><\/p><p><span style=\"font-weight: bold; color: #ff0000;\">Produit ni repris, ni \u00e9chang\u00e9. Validit\u00e9 d&rsquo;un an \u00e0 compter de la date d&rsquo;achat<\/span><\/p>\t\t\t\t\t\t\t\t<\/div>\n\t\t\t\t<\/div>\n\t\t\t\t\t<\/div>\n\t\t<\/div>\n\t\t\t\t\t<\/div>\n\t\t<\/section>\n\t\t\t\t<div class=\"elementor-element elementor-element-b06fef8 elementor-align-center elementor-widget elementor-widget-button\" data-id=\"b06fef8\" data-element_type=\"widget\" data-e-type=\"widget\" data-widget_type=\"button.default\">\n\t\t\t\t<div class=\"elementor-widget-container\">\n\t\t\t\t\t\t\t\t\t<div class=\"elementor-button-wrapper\">\n\t\t\t\t\t<a class=\"elementor-button elementor-button-link elementor-size-sm\" href=\"https:\/\/www.provencetir.com\/bons-cadeaux\/2113-seance-decouverte-et-initiation-armes-de-poing-.html\" target=\"_blank\">\n\t\t\t\t\t\t<span class=\"elementor-button-content-wrapper\">\n\t\t\t\t\t\t<span class=\"elementor-button-icon\">\n\t\t\t\t<i aria-hidden=\"true\" class=\"fas fa-shopping-basket\"><\/i>\t\t\t<\/span>\n\t\t\t\t\t\t\t\t\t<span class=\"elementor-button-text\">Commander : 80 \u20ac<\/span>\n\t\t\t\t\t<\/span>\n\t\t\t\t\t<\/a>\n\t\t\t\t<\/div>\n\t\t\t\t\t\t\t\t<\/div>\n\t\t\t\t<\/div>\n\t\t\t\t\t<\/div>\n\t\t<\/div>\n\t\t\t\t\t<\/div>\n\t\t<\/section>\n\t\t\t\t<section class=\"elementor-section elementor-top-section elementor-element elementor-element-b7a3572 elementor-section-boxed elementor-section-height-default elementor-section-height-default\" data-id=\"b7a3572\" data-element_type=\"section\" data-e-type=\"section\" data-settings=\"{&quot;background_background&quot;:&quot;classic&quot;}\">\n\t\t\t\t\t\t<div class=\"elementor-container elementor-column-gap-default\">\n\t\t\t\t\t<div class=\"elementor-column elementor-col-100 elementor-top-column elementor-element elementor-element-2e1f2ed\" data-id=\"2e1f2ed\" data-element_type=\"column\" data-e-type=\"column\">\n\t\t\t<div class=\"elementor-widget-wrap elementor-element-populated\">\n\t\t\t\t\t\t<div class=\"elementor-element elementor-element-08531f2 elementor-widget elementor-widget-spacer\" data-id=\"08531f2\" data-element_type=\"widget\" data-e-type=\"widget\" data-widget_type=\"spacer.default\">\n\t\t\t\t<div class=\"elementor-widget-container\">\n\t\t\t\t\t\t\t<div class=\"elementor-spacer\">\n\t\t\t<div class=\"elementor-spacer-inner\"><\/div>\n\t\t<\/div>\n\t\t\t\t\t\t<\/div>\n\t\t\t\t<\/div>\n\t\t\t\t\t<\/div>\n\t\t<\/div>\n\t\t\t\t\t<\/div>\n\t\t<\/section>\n\t\t\t\t<section class=\"elementor-section elementor-top-section elementor-element elementor-element-6777c3e elementor-section-boxed elementor-section-height-default elementor-section-height-default\" data-id=\"6777c3e\" data-element_type=\"section\" data-e-type=\"section\" data-settings=\"{&quot;background_background&quot;:&quot;classic&quot;}\">\n\t\t\t\t\t\t<div class=\"elementor-container elementor-column-gap-default\">\n\t\t\t\t\t<div class=\"elementor-column elementor-col-33 elementor-top-column elementor-element elementor-element-9981bce\" data-id=\"9981bce\" data-element_type=\"column\" data-e-type=\"column\">\n\t\t\t<div class=\"elementor-widget-wrap elementor-element-populated\">\n\t\t\t\t\t\t<div class=\"elementor-element elementor-element-a2595cb elementor-widget elementor-widget-image\" data-id=\"a2595cb\" data-element_type=\"widget\" data-e-type=\"widget\" data-widget_type=\"image.default\">\n\t\t\t\t<div class=\"elementor-widget-container\">\n\t\t\t\t\t\t\t\t\t\t\t\t\t\t\t<img decoding=\"async\" width=\"1920\" height=\"2560\" src=\"https:\/\/www.club-de-tir.fr\/wp-content\/uploads\/2023\/01\/bon-cadeau-arme-de-poing-scaled.jpg\" class=\"attachment-full size-full wp-image-3066\" alt=\"bon cadeau arme de poing\" srcset=\"https:\/\/www.club-de-tir.fr\/wp-content\/uploads\/2023\/01\/bon-cadeau-arme-de-poing-scaled.jpg 1920w, https:\/\/www.club-de-tir.fr\/wp-content\/uploads\/2023\/01\/bon-cadeau-arme-de-poing-225x300.jpg 225w, https:\/\/www.club-de-tir.fr\/wp-content\/uploads\/2023\/01\/bon-cadeau-arme-de-poing-768x1024.jpg 768w, https:\/\/www.club-de-tir.fr\/wp-content\/uploads\/2023\/01\/bon-cadeau-arme-de-poing-1152x1536.jpg 1152w, https:\/\/www.club-de-tir.fr\/wp-content\/uploads\/2023\/01\/bon-cadeau-arme-de-poing-1536x2048.jpg 1536w, https:\/\/www.club-de-tir.fr\/wp-content\/uploads\/2023\/01\/bon-cadeau-arme-de-poing-9x12.jpg 9w\" sizes=\"(max-width: 1920px) 100vw, 1920px\" \/>\t\t\t\t\t\t\t\t\t\t\t\t\t\t\t<\/div>\n\t\t\t\t<\/div>\n\t\t\t\t\t<\/div>\n\t\t<\/div>\n\t\t\t\t<div class=\"elementor-column elementor-col-66 elementor-top-column elementor-element elementor-element-7daeca8\" data-id=\"7daeca8\" data-element_type=\"column\" data-e-type=\"column\">\n\t\t\t<div class=\"elementor-widget-wrap elementor-element-populated\">\n\t\t\t\t\t\t<div class=\"elementor-element elementor-element-47e43f3 elementor-widget elementor-widget-heading\" data-id=\"47e43f3\" data-element_type=\"widget\" data-e-type=\"widget\" data-widget_type=\"heading.default\">\n\t\t\t\t<div class=\"elementor-widget-container\">\n\t\t\t\t\t<h2 class=\"elementor-heading-title elementor-size-default\">S\u00e9ance Des Armes Mythiques<\/h2>\t\t\t\t<\/div>\n\t\t\t\t<\/div>\n\t\t\t\t<section class=\"elementor-section elementor-inner-section elementor-element elementor-element-797c3c8 elementor-section-boxed elementor-section-height-default elementor-section-height-default\" data-id=\"797c3c8\" data-element_type=\"section\" data-e-type=\"section\">\n\t\t\t\t\t\t<div class=\"elementor-container elementor-column-gap-default\">\n\t\t\t\t\t<div class=\"elementor-column elementor-col-100 elementor-inner-column elementor-element elementor-element-700cf09\" data-id=\"700cf09\" data-element_type=\"column\" data-e-type=\"column\">\n\t\t\t<div class=\"elementor-widget-wrap elementor-element-populated\">\n\t\t\t\t\t\t<div class=\"elementor-element elementor-element-80dd411 elementor-widget elementor-widget-text-editor\" data-id=\"80dd411\" data-element_type=\"widget\" data-e-type=\"widget\" data-widget_type=\"text-editor.default\">\n\t\t\t\t<div class=\"elementor-widget-container\">\n\t\t\t\t\t\t\t\t\t<p><span style=\"color: #ffffff;\">S\u00e9ance d\u2019une dur\u00e9e de 1h, encadr\u00e9e par un moniteur de tir agr\u00e9\u00e9 FFTIR.<\/span><\/p><p><span style=\"color: #ffffff;\">\u2022 Armes de poing : pistolets et revolvers de plusieurs calibres<\/span><\/p><p><span style=\"color: #ffffff;\"><b>Total de 4 armes de poing<\/b><\/span><\/p><p><span style=\"color: #ffffff;\">\u2022 Munitions : au-del\u00e0 de 50 cartouches<\/span><\/p><p><span style=\"color: #ffffff;\">\u2022 Bon valable pour 1 seule personne<\/span><\/p><p><span style=\"color: #ffffff;\">La s\u00e9ance doit \u00eatre r\u00e9serv\u00e9e \u00e0 l\u2019avance par t\u00e9l\u00e9phone.<\/span><\/p><p><span style=\"color: #ffffff;\">Le jour de la s\u00e9ance, le b\u00e9n\u00e9ficiaire devra imp\u00e9rativement se pr\u00e9senter muni d\u2019une <strong>pi\u00e8ce d\u2019identit\u00e9 en cours de validit\u00e9<\/strong> et de<strong> son bon cadeau.<\/strong><\/span><\/p><p><span style=\"color: #ffffff;\"><strong><span style=\"font-weight: bold; color: #ff0000;\">Produit ni repris, ni \u00e9chang\u00e9. Validit\u00e9 d&rsquo;un an \u00e0 compter de la date d&rsquo;achat<\/span><br \/><\/strong><\/span><\/p>\t\t\t\t\t\t\t\t<\/div>\n\t\t\t\t<\/div>\n\t\t\t\t\t<\/div>\n\t\t<\/div>\n\t\t\t\t\t<\/div>\n\t\t<\/section>\n\t\t\t\t<div class=\"elementor-element elementor-element-3c3eb59 elementor-align-center elementor-widget elementor-widget-button\" data-id=\"3c3eb59\" data-element_type=\"widget\" data-e-type=\"widget\" data-widget_type=\"button.default\">\n\t\t\t\t<div class=\"elementor-widget-container\">\n\t\t\t\t\t\t\t\t\t<div class=\"elementor-button-wrapper\">\n\t\t\t\t\t<a class=\"elementor-button elementor-button-link elementor-size-sm\" href=\"https:\/\/www.provencetir.com\/bons-cadeaux\/2114-seance-des-armes-mythiques-armes-de-poing.html\" target=\"_blank\">\n\t\t\t\t\t\t<span class=\"elementor-button-content-wrapper\">\n\t\t\t\t\t\t<span class=\"elementor-button-icon\">\n\t\t\t\t<i aria-hidden=\"true\" class=\"fas fa-shopping-basket\"><\/i>\t\t\t<\/span>\n\t\t\t\t\t\t\t\t\t<span class=\"elementor-button-text\">Commander : 100\u20ac<\/span>\n\t\t\t\t\t<\/span>\n\t\t\t\t\t<\/a>\n\t\t\t\t<\/div>\n\t\t\t\t\t\t\t\t<\/div>\n\t\t\t\t<\/div>\n\t\t\t\t\t<\/div>\n\t\t<\/div>\n\t\t\t\t\t<\/div>\n\t\t<\/section>\n\t\t\t\t<section class=\"elementor-section elementor-top-section elementor-element elementor-element-2d79ae1 elementor-section-boxed elementor-section-height-default elementor-section-height-default\" data-id=\"2d79ae1\" data-element_type=\"section\" data-e-type=\"section\" data-settings=\"{&quot;background_background&quot;:&quot;classic&quot;}\">\n\t\t\t\t\t\t<div class=\"elementor-container elementor-column-gap-default\">\n\t\t\t\t\t<div class=\"elementor-column elementor-col-100 elementor-top-column elementor-element elementor-element-a7d902a\" data-id=\"a7d902a\" data-element_type=\"column\" data-e-type=\"column\">\n\t\t\t<div class=\"elementor-widget-wrap elementor-element-populated\">\n\t\t\t\t\t\t<div class=\"elementor-element elementor-element-4fbf8f8 elementor-widget elementor-widget-spacer\" data-id=\"4fbf8f8\" data-element_type=\"widget\" data-e-type=\"widget\" data-widget_type=\"spacer.default\">\n\t\t\t\t<div class=\"elementor-widget-container\">\n\t\t\t\t\t\t\t<div class=\"elementor-spacer\">\n\t\t\t<div class=\"elementor-spacer-inner\"><\/div>\n\t\t<\/div>\n\t\t\t\t\t\t<\/div>\n\t\t\t\t<\/div>\n\t\t\t\t\t<\/div>\n\t\t<\/div>\n\t\t\t\t\t<\/div>\n\t\t<\/section>\n\t\t\t\t<section class=\"elementor-section elementor-top-section elementor-element elementor-element-de82dc7 elementor-section-boxed elementor-section-height-default elementor-section-height-default\" data-id=\"de82dc7\" data-element_type=\"section\" data-e-type=\"section\" data-settings=\"{&quot;background_background&quot;:&quot;classic&quot;}\">\n\t\t\t\t\t\t<div class=\"elementor-container elementor-column-gap-default\">\n\t\t\t\t\t<div class=\"elementor-column elementor-col-33 elementor-top-column elementor-element elementor-element-3a75c95\" data-id=\"3a75c95\" data-element_type=\"column\" data-e-type=\"column\">\n\t\t\t<div class=\"elementor-widget-wrap elementor-element-populated\">\n\t\t\t\t\t\t<div class=\"elementor-element elementor-element-24544f8 elementor-widget elementor-widget-image\" data-id=\"24544f8\" data-element_type=\"widget\" data-e-type=\"widget\" data-widget_type=\"image.default\">\n\t\t\t\t<div class=\"elementor-widget-container\">\n\t\t\t\t\t\t\t\t\t\t\t\t\t\t\t<img decoding=\"async\" width=\"1920\" height=\"2560\" src=\"https:\/\/www.club-de-tir.fr\/wp-content\/uploads\/2023\/01\/bon-cadeau-armes-mythiques-scaled.jpg\" class=\"attachment-full size-full wp-image-3069\" alt=\"bon cadeau armes mythiques\" srcset=\"https:\/\/www.club-de-tir.fr\/wp-content\/uploads\/2023\/01\/bon-cadeau-armes-mythiques-scaled.jpg 1920w, https:\/\/www.club-de-tir.fr\/wp-content\/uploads\/2023\/01\/bon-cadeau-armes-mythiques-225x300.jpg 225w, https:\/\/www.club-de-tir.fr\/wp-content\/uploads\/2023\/01\/bon-cadeau-armes-mythiques-768x1024.jpg 768w, https:\/\/www.club-de-tir.fr\/wp-content\/uploads\/2023\/01\/bon-cadeau-armes-mythiques-1152x1536.jpg 1152w, https:\/\/www.club-de-tir.fr\/wp-content\/uploads\/2023\/01\/bon-cadeau-armes-mythiques-1536x2048.jpg 1536w, https:\/\/www.club-de-tir.fr\/wp-content\/uploads\/2023\/01\/bon-cadeau-armes-mythiques-9x12.jpg 9w\" sizes=\"(max-width: 1920px) 100vw, 1920px\" \/>\t\t\t\t\t\t\t\t\t\t\t\t\t\t\t<\/div>\n\t\t\t\t<\/div>\n\t\t\t\t\t<\/div>\n\t\t<\/div>\n\t\t\t\t<div class=\"elementor-column elementor-col-66 elementor-top-column elementor-element elementor-element-fd786dc\" data-id=\"fd786dc\" data-element_type=\"column\" data-e-type=\"column\">\n\t\t\t<div class=\"elementor-widget-wrap elementor-element-populated\">\n\t\t\t\t\t\t<div class=\"elementor-element elementor-element-c83ef42 elementor-widget elementor-widget-heading\" data-id=\"c83ef42\" data-element_type=\"widget\" data-e-type=\"widget\" data-widget_type=\"heading.default\">\n\t\t\t\t<div class=\"elementor-widget-container\">\n\t\t\t\t\t<h2 class=\"elementor-heading-title elementor-size-default\">S\u00e9ance VIP Des Armes Mythiques<\/h2>\t\t\t\t<\/div>\n\t\t\t\t<\/div>\n\t\t\t\t<section class=\"elementor-section elementor-inner-section elementor-element elementor-element-10055e4 elementor-section-boxed elementor-section-height-default elementor-section-height-default\" data-id=\"10055e4\" data-element_type=\"section\" data-e-type=\"section\">\n\t\t\t\t\t\t<div class=\"elementor-container elementor-column-gap-default\">\n\t\t\t\t\t<div class=\"elementor-column elementor-col-100 elementor-inner-column elementor-element elementor-element-d5dc961\" data-id=\"d5dc961\" data-element_type=\"column\" data-e-type=\"column\">\n\t\t\t<div class=\"elementor-widget-wrap elementor-element-populated\">\n\t\t\t\t\t\t<div class=\"elementor-element elementor-element-5797172 elementor-widget elementor-widget-text-editor\" data-id=\"5797172\" data-element_type=\"widget\" data-e-type=\"widget\" data-widget_type=\"text-editor.default\">\n\t\t\t\t<div class=\"elementor-widget-container\">\n\t\t\t\t\t\t\t\t\t<p><span style=\"color: #ffffff;\">S\u00e9ance d\u2019une dur\u00e9e de 1h30, encadr\u00e9e par un moniteur de tir agr\u00e9\u00e9 FFTIR.<\/span><\/p><p><span style=\"color: #ffffff;\">\u2022 Armes de poing : pistolets et revolvers de plusieurs calibres<\/span><\/p><p><span style=\"color: #ffffff;\">\u2022 Armes d\u2019\u00e9paule de type carabines en 22 LR<\/span><\/p><p><span style=\"color: #ffffff;\">\u2022 Munitions : au-del\u00e0 de 50 cartouches<br \/><\/span><\/p><p><span style=\"color: #ffffff;\"><b>Total de 5 armes de poing &amp; 1 arme d&rsquo;\u00e9paule selon r\u00e8glementation<\/b><\/span><\/p><p><span style=\"color: #ffffff;\">\u2022 Bon valable pour 1 seule personne<\/span><\/p><p><span style=\"color: #ffffff;\">La s\u00e9ance doit \u00eatre r\u00e9serv\u00e9e \u00e0 l\u2019avance par t\u00e9l\u00e9phone.<\/span><\/p><p><span style=\"color: #ffffff;\">Le jour de la s\u00e9ance, le b\u00e9n\u00e9ficiaire devra imp\u00e9rativement se pr\u00e9senter muni d\u2019une\u00a0<strong>pi\u00e8ce d\u2019identit\u00e9 en cours de validit\u00e9<\/strong> et de<strong>\u00a0son bon cadeau.<\/strong><\/span><\/p><p><span style=\"font-weight: bold; color: #ff0000;\">Produit ni repris, ni \u00e9chang\u00e9. Validit\u00e9 d&rsquo;un an \u00e0 compter de la date d&rsquo;achat.<\/span><\/p>\t\t\t\t\t\t\t\t<\/div>\n\t\t\t\t<\/div>\n\t\t\t\t\t<\/div>\n\t\t<\/div>\n\t\t\t\t\t<\/div>\n\t\t<\/section>\n\t\t\t\t<div class=\"elementor-element elementor-element-fe160cf elementor-align-center elementor-widget elementor-widget-button\" data-id=\"fe160cf\" data-element_type=\"widget\" data-e-type=\"widget\" data-widget_type=\"button.default\">\n\t\t\t\t<div class=\"elementor-widget-container\">\n\t\t\t\t\t\t\t\t\t<div class=\"elementor-button-wrapper\">\n\t\t\t\t\t<a class=\"elementor-button elementor-button-link elementor-size-sm\" href=\"https:\/\/www.provencetir.com\/bons-cadeaux\/2115-seance-vip-des-armes-mythiques-armes-de-poing-armes-d-epaules-.html\" target=\"_blank\">\n\t\t\t\t\t\t<span class=\"elementor-button-content-wrapper\">\n\t\t\t\t\t\t<span class=\"elementor-button-icon\">\n\t\t\t\t<i aria-hidden=\"true\" class=\"fas fa-shopping-basket\"><\/i>\t\t\t<\/span>\n\t\t\t\t\t\t\t\t\t<span class=\"elementor-button-text\">Commander : 200\u20ac<\/span>\n\t\t\t\t\t<\/span>\n\t\t\t\t\t<\/a>\n\t\t\t\t<\/div>\n\t\t\t\t\t\t\t\t<\/div>\n\t\t\t\t<\/div>\n\t\t\t\t\t<\/div>\n\t\t<\/div>\n\t\t\t\t\t<\/div>\n\t\t<\/section>\n\t\t\t\t<section class=\"elementor-section elementor-top-section elementor-element elementor-element-9ebb2cf elementor-section-boxed elementor-section-height-default elementor-section-height-default\" data-id=\"9ebb2cf\" data-element_type=\"section\" data-e-type=\"section\" data-settings=\"{&quot;background_background&quot;:&quot;classic&quot;}\">\n\t\t\t\t\t\t<div class=\"elementor-container elementor-column-gap-default\">\n\t\t\t\t\t<div class=\"elementor-column elementor-col-100 elementor-top-column elementor-element elementor-element-3861b18\" data-id=\"3861b18\" data-element_type=\"column\" data-e-type=\"column\">\n\t\t\t<div class=\"elementor-widget-wrap elementor-element-populated\">\n\t\t\t\t\t\t<div class=\"elementor-element elementor-element-e8489c9 elementor-widget elementor-widget-spacer\" data-id=\"e8489c9\" data-element_type=\"widget\" data-e-type=\"widget\" data-widget_type=\"spacer.default\">\n\t\t\t\t<div class=\"elementor-widget-container\">\n\t\t\t\t\t\t\t<div class=\"elementor-spacer\">\n\t\t\t<div class=\"elementor-spacer-inner\"><\/div>\n\t\t<\/div>\n\t\t\t\t\t\t<\/div>\n\t\t\t\t<\/div>\n\t\t\t\t\t<\/div>\n\t\t<\/div>\n\t\t\t\t\t<\/div>\n\t\t<\/section>\n\t\t\t\t<\/div>\n\t\t","protected":false},"excerpt":{"rendered":"<p>NOS BONS CADEAUX S\u00e9ance D\u00e9couverte et Initiation S\u00e9ance d\u2019une dur\u00e9e de 1h, encadr\u00e9e par un moniteur de tir agr\u00e9\u00e9 FFTIR. \u2022 1 arme de poing : pistolet \u2022 Munitions : 50 cartouches \u2022 Bon valable pour 1 seule personne La s\u00e9ance doit \u00eatre r\u00e9serv\u00e9e \u00e0 l\u2019avance par t\u00e9l\u00e9phone. Le jour de la s\u00e9ance, le b\u00e9n\u00e9ficiaire [&hellip;]<\/p>\n","protected":false},"author":1,"featured_media":0,"parent":533,"menu_order":0,"comment_status":"closed","ping_status":"closed","template":"","meta":{"_acf_changed":false,"_eb_attr":"","om_disable_all_campaigns":false,"_monsterinsights_skip_tracking":false,"_monsterinsights_sitenote_active":false,"_monsterinsights_sitenote_note":"","_monsterinsights_sitenote_category":0,"footnotes":""},"class_list":["post-1147","page","type-page","status-publish","hentry"],"acf":[],"aioseo_notices":[],"_links":{"self":[{"href":"https:\/\/www.club-de-tir.fr\/en\/wp-json\/wp\/v2\/pages\/1147","targetHints":{"allow":["GET"]}}],"collection":[{"href":"https:\/\/www.club-de-tir.fr\/en\/wp-json\/wp\/v2\/pages"}],"about":[{"href":"https:\/\/www.club-de-tir.fr\/en\/wp-json\/wp\/v2\/types\/page"}],"author":[{"embeddable":true,"href":"https:\/\/www.club-de-tir.fr\/en\/wp-json\/wp\/v2\/users\/1"}],"replies":[{"embeddable":true,"href":"https:\/\/www.club-de-tir.fr\/en\/wp-json\/wp\/v2\/comments?post=1147"}],"version-history":[{"count":178,"href":"https:\/\/www.club-de-tir.fr\/en\/wp-json\/wp\/v2\/pages\/1147\/revisions"}],"predecessor-version":[{"id":5032,"href":"https:\/\/www.club-de-tir.fr\/en\/wp-json\/wp\/v2\/pages\/1147\/revisions\/5032"}],"up":[{"embeddable":true,"href":"https:\/\/www.club-de-tir.fr\/en\/wp-json\/wp\/v2\/pages\/533"}],"wp:attachment":[{"href":"https:\/\/www.club-de-tir.fr\/en\/wp-json\/wp\/v2\/media?parent=1147"}],"curies":[{"name":"wp","href":"https:\/\/api.w.org\/{rel}","templated":true}]}}